{"id":373,"date":"2020-10-07T06:42:37","date_gmt":"2020-10-07T06:42:37","guid":{"rendered":"https:\/\/hifly-tires.com\/hifly-banden\/"},"modified":"2022-01-24T10:48:00","modified_gmt":"2022-01-24T10:48:00","slug":"hifly-banden","status":"publish","type":"page","link":"https:\/\/hifly-tires.com\/it\/","title":{"rendered":"Hifly pneumatici"},"content":{"rendered":"\n<h3 class=\"has-text-align-center wp-block-heading\"><strong>Un pneumatico di cui fidarsi. In ogni stagione.<\/strong><\/h3>\n\n\n\n<p class=\"has-text-align-center\">Cerchi pneumatici estivi, invernali e 4 Stagioni affidabili e convenienti? Hifly \u00e8 la scelta giusta ! \u00a0Pneumatici moderni per tutti I veicoli: autovetture, SUV, 4&#215;4, autocarri leggeri, roulotte e rimorchi. Puoi scegliere tra oltre 450 \u200b\u200bdimensioni.Ottimo rapporto qualit\u00e0 prezzo.<\/p>\n\n\n\n<p class=\"has-text-align-center\">La forza sta dietro Hifly, produttore leader di pneumatici con standard di alta qualit\u00e0. Sono gi\u00e0 pi\u00f9 di 12 anni che milioni di pneumatici Hifly vengono montati con successo in tutta Europa.<\/p>\n","protected":false},"excerpt":{"rendered":"<p>Un pneumatico di cui fidarsi. In ogni stagione. Cerchi pneumatici estivi, invernali e 4 Stagioni affidabili e convenienti? Hifly \u00e8 [&hellip;]<\/p>\n","protected":false},"author":5,"featured_media":0,"parent":0,"menu_order":0,"comment_status":"closed","ping_status":"closed","template":"home.php","meta":{"_acf_changed":false,"footnotes":""},"class_list":["post-373","page","type-page","status-publish","hentry"],"acf":[],"yoast_head":"<!-- This site is optimized with the Yoast SEO plugin v27.2 - https:\/\/yoast.com\/product\/yoast-seo-wordpress\/ -->\n<title>Hifly pneumatici - Hifly<\/title>\n<meta name=\"robots\" content=\"index, follow, max-snippet:-1, max-image-preview:large, max-video-preview:-1\" \/>\n<link rel=\"canonical\" href=\"https:\/\/hifly-tires.com\/it\/\" \/>\n<meta property=\"og:locale\" content=\"it_IT\" \/>\n<meta property=\"og:type\" content=\"article\" \/>\n<meta property=\"og:title\" content=\"Hifly pneumatici - Hifly\" \/>\n<meta property=\"og:description\" content=\"Un pneumatico di cui fidarsi. In ogni stagione. Cerchi pneumatici estivi, invernali e 4 Stagioni affidabili e convenienti? Hifly \u00e8 [&hellip;]\" \/>\n<meta property=\"og:url\" content=\"https:\/\/hifly-tires.com\/it\/\" \/>\n<meta property=\"og:site_name\" content=\"Hifly\" \/>\n<meta property=\"article:modified_time\" content=\"2022-01-24T10:48:00+00:00\" \/>\n<meta name=\"twitter:card\" content=\"summary_large_image\" \/>\n<meta name=\"twitter:label1\" content=\"Tempo di lettura stimato\" \/>\n\t<meta name=\"twitter:data1\" content=\"1 minuto\" \/>\n<script type=\"application\/ld+json\" class=\"yoast-schema-graph\">{\"@context\":\"https:\/\/schema.org\",\"@graph\":[{\"@type\":\"WebPage\",\"@id\":\"https:\/\/hifly-tires.com\/it\/\",\"url\":\"https:\/\/hifly-tires.com\/it\/\",\"name\":\"Hifly pneumatici - Hifly\",\"isPartOf\":{\"@id\":\"https:\/\/hifly-tires.com\/it\/#website\"},\"datePublished\":\"2020-10-07T06:42:37+00:00\",\"dateModified\":\"2022-01-24T10:48:00+00:00\",\"breadcrumb\":{\"@id\":\"https:\/\/hifly-tires.com\/it\/#breadcrumb\"},\"inLanguage\":\"it-IT\",\"potentialAction\":[{\"@type\":\"ReadAction\",\"target\":[\"https:\/\/hifly-tires.com\/it\/\"]}]},{\"@type\":\"BreadcrumbList\",\"@id\":\"https:\/\/hifly-tires.com\/it\/#breadcrumb\",\"itemListElement\":[{\"@type\":\"ListItem\",\"position\":1,\"name\":\"Home\",\"item\":\"https:\/\/hifly-tires.com\/it\/\"},{\"@type\":\"ListItem\",\"position\":2,\"name\":\"Hifly pneumatici\"}]},{\"@type\":\"WebSite\",\"@id\":\"https:\/\/hifly-tires.com\/it\/#website\",\"url\":\"https:\/\/hifly-tires.com\/it\/\",\"name\":\"Hifly\",\"description\":\"A tyre you can trust\",\"potentialAction\":[{\"@type\":\"SearchAction\",\"target\":{\"@type\":\"EntryPoint\",\"urlTemplate\":\"https:\/\/hifly-tires.com\/it\/?s={search_term_string}\"},\"query-input\":{\"@type\":\"PropertyValueSpecification\",\"valueRequired\":true,\"valueName\":\"search_term_string\"}}],\"inLanguage\":\"it-IT\"}]}<\/script>\n<!-- \/ Yoast SEO plugin. -->","yoast_head_json":{"title":"Hifly pneumatici - Hifly","robots":{"index":"index","follow":"follow","max-snippet":"max-snippet:-1","max-image-preview":"max-image-preview:large","max-video-preview":"max-video-preview:-1"},"canonical":"https:\/\/hifly-tires.com\/it\/","og_locale":"it_IT","og_type":"article","og_title":"Hifly pneumatici - Hifly","og_description":"Un pneumatico di cui fidarsi. In ogni stagione. Cerchi pneumatici estivi, invernali e 4 Stagioni affidabili e convenienti? Hifly \u00e8 [&hellip;]","og_url":"https:\/\/hifly-tires.com\/it\/","og_site_name":"Hifly","article_modified_time":"2022-01-24T10:48:00+00:00","twitter_card":"summary_large_image","twitter_misc":{"Tempo di lettura stimato":"1 minuto"},"schema":{"@context":"https:\/\/schema.org","@graph":[{"@type":"WebPage","@id":"https:\/\/hifly-tires.com\/it\/","url":"https:\/\/hifly-tires.com\/it\/","name":"Hifly pneumatici - Hifly","isPartOf":{"@id":"https:\/\/hifly-tires.com\/it\/#website"},"datePublished":"2020-10-07T06:42:37+00:00","dateModified":"2022-01-24T10:48:00+00:00","breadcrumb":{"@id":"https:\/\/hifly-tires.com\/it\/#breadcrumb"},"inLanguage":"it-IT","potentialAction":[{"@type":"ReadAction","target":["https:\/\/hifly-tires.com\/it\/"]}]},{"@type":"BreadcrumbList","@id":"https:\/\/hifly-tires.com\/it\/#breadcrumb","itemListElement":[{"@type":"ListItem","position":1,"name":"Home","item":"https:\/\/hifly-tires.com\/it\/"},{"@type":"ListItem","position":2,"name":"Hifly pneumatici"}]},{"@type":"WebSite","@id":"https:\/\/hifly-tires.com\/it\/#website","url":"https:\/\/hifly-tires.com\/it\/","name":"Hifly","description":"A tyre you can trust","potentialAction":[{"@type":"SearchAction","target":{"@type":"EntryPoint","urlTemplate":"https:\/\/hifly-tires.com\/it\/?s={search_term_string}"},"query-input":{"@type":"PropertyValueSpecification","valueRequired":true,"valueName":"search_term_string"}}],"inLanguage":"it-IT"}]}},"_links":{"self":[{"href":"https:\/\/hifly-tires.com\/it\/wp-json\/wp\/v2\/pages\/373","targetHints":{"allow":["GET"]}}],"collection":[{"href":"https:\/\/hifly-tires.com\/it\/wp-json\/wp\/v2\/pages"}],"about":[{"href":"https:\/\/hifly-tires.com\/it\/wp-json\/wp\/v2\/types\/page"}],"author":[{"embeddable":true,"href":"https:\/\/hifly-tires.com\/it\/wp-json\/wp\/v2\/users\/5"}],"replies":[{"embeddable":true,"href":"https:\/\/hifly-tires.com\/it\/wp-json\/wp\/v2\/comments?post=373"}],"version-history":[{"count":3,"href":"https:\/\/hifly-tires.com\/it\/wp-json\/wp\/v2\/pages\/373\/revisions"}],"predecessor-version":[{"id":2055,"href":"https:\/\/hifly-tires.com\/it\/wp-json\/wp\/v2\/pages\/373\/revisions\/2055"}],"wp:attachment":[{"href":"https:\/\/hifly-tires.com\/it\/wp-json\/wp\/v2\/media?parent=373"}],"curies":[{"name":"wp","href":"https:\/\/api.w.org\/{rel}","templated":true}]}}