{"id":905,"date":"2020-12-16T14:48:38","date_gmt":"2020-12-16T14:48:38","guid":{"rendered":"https:\/\/hifly-tires.com\/?page_id=905"},"modified":"2020-12-16T14:48:39","modified_gmt":"2020-12-16T14:48:39","slug":"avertissement","status":"publish","type":"page","link":"https:\/\/hifly-tires.com\/fr\/avertissement\/","title":{"rendered":"Avertissement"},"content":{"rendered":"\n<p>Hifly et toute partie li\u00e9e d\u00e9clinent toute responsabilit\u00e9 en ce qui concerne le contenu des informations de ce site Internet ou sur la base de ces informations. Le plus grand soin a \u00e9t\u00e9 apport\u00e9 \u00e0 l\u2019ensemble r\u00e9dactionnel et au contenu. Hifly et toute partie li\u00e9e ne peuvent n\u00e9anmoins \u00eatre tenus responsables de l\u2019exactitude et l\u2019exhaustivit\u00e9 du site ou de cons\u00e9quences directes ou indirectes de tout acte accompli ou non accompli sur la base de ce site. L\u2019ensemble des repr\u00e9sentations\/noms de marque\/paroles et faire-part de Hifly et de toute partie li\u00e9e figurant sur ce site Internet est prot\u00e9g\u00e9 en vertu des droits d\u2019auteur et du droit des marques et ne peut \u00eatre utilis\u00e9 sans autorisation, de quelque mani\u00e8re que ce soit.<\/p>\n","protected":false},"excerpt":{"rendered":"<p>Hifly et toute partie li\u00e9e d\u00e9clinent toute responsabilit\u00e9 en ce qui concerne le contenu des informations de ce site Internet [&hellip;]<\/p>\n","protected":false},"author":5,"featured_media":0,"parent":0,"menu_order":0,"comment_status":"closed","ping_status":"closed","template":"","meta":{"_acf_changed":false,"footnotes":""},"class_list":["post-905","page","type-page","status-publish","hentry"],"acf":[],"yoast_head":"<!-- This site is optimized with the Yoast SEO plugin v27.2 - https:\/\/yoast.com\/product\/yoast-seo-wordpress\/ -->\n<title>Avertissement - Hifly<\/title>\n<meta name=\"robots\" content=\"index, follow, max-snippet:-1, max-image-preview:large, max-video-preview:-1\" \/>\n<link rel=\"canonical\" href=\"https:\/\/hifly-tires.com\/fr\/avertissement\/\" \/>\n<meta property=\"og:locale\" content=\"fr_FR\" \/>\n<meta property=\"og:type\" content=\"article\" \/>\n<meta property=\"og:title\" content=\"Avertissement - Hifly\" \/>\n<meta property=\"og:description\" content=\"Hifly et toute partie li\u00e9e d\u00e9clinent toute responsabilit\u00e9 en ce qui concerne le contenu des informations de ce site Internet [&hellip;]\" \/>\n<meta property=\"og:url\" content=\"https:\/\/hifly-tires.com\/fr\/avertissement\/\" \/>\n<meta property=\"og:site_name\" content=\"Hifly\" \/>\n<meta property=\"article:modified_time\" content=\"2020-12-16T14:48:39+00:00\" \/>\n<meta name=\"twitter:card\" content=\"summary_large_image\" \/>\n<meta name=\"twitter:label1\" content=\"Dur\u00e9e de lecture estim\u00e9e\" \/>\n\t<meta name=\"twitter:data1\" content=\"1 minute\" \/>\n<script type=\"application\/ld+json\" class=\"yoast-schema-graph\">{\"@context\":\"https:\/\/schema.org\",\"@graph\":[{\"@type\":\"WebPage\",\"@id\":\"https:\/\/hifly-tires.com\/fr\/avertissement\/\",\"url\":\"https:\/\/hifly-tires.com\/fr\/avertissement\/\",\"name\":\"Avertissement - Hifly\",\"isPartOf\":{\"@id\":\"https:\/\/hifly-tires.com\/it\/#website\"},\"datePublished\":\"2020-12-16T14:48:38+00:00\",\"dateModified\":\"2020-12-16T14:48:39+00:00\",\"breadcrumb\":{\"@id\":\"https:\/\/hifly-tires.com\/fr\/avertissement\/#breadcrumb\"},\"inLanguage\":\"fr-FR\",\"potentialAction\":[{\"@type\":\"ReadAction\",\"target\":[\"https:\/\/hifly-tires.com\/fr\/avertissement\/\"]}]},{\"@type\":\"BreadcrumbList\",\"@id\":\"https:\/\/hifly-tires.com\/fr\/avertissement\/#breadcrumb\",\"itemListElement\":[{\"@type\":\"ListItem\",\"position\":1,\"name\":\"Home\",\"item\":\"https:\/\/hifly-tires.com\/fr\/\"},{\"@type\":\"ListItem\",\"position\":2,\"name\":\"Avertissement\"}]},{\"@type\":\"WebSite\",\"@id\":\"https:\/\/hifly-tires.com\/it\/#website\",\"url\":\"https:\/\/hifly-tires.com\/it\/\",\"name\":\"Hifly\",\"description\":\"A tyre you can trust\",\"potentialAction\":[{\"@type\":\"SearchAction\",\"target\":{\"@type\":\"EntryPoint\",\"urlTemplate\":\"https:\/\/hifly-tires.com\/it\/?s={search_term_string}\"},\"query-input\":{\"@type\":\"PropertyValueSpecification\",\"valueRequired\":true,\"valueName\":\"search_term_string\"}}],\"inLanguage\":\"fr-FR\"}]}<\/script>\n<!-- \/ Yoast SEO plugin. -->","yoast_head_json":{"title":"Avertissement - Hifly","robots":{"index":"index","follow":"follow","max-snippet":"max-snippet:-1","max-image-preview":"max-image-preview:large","max-video-preview":"max-video-preview:-1"},"canonical":"https:\/\/hifly-tires.com\/fr\/avertissement\/","og_locale":"fr_FR","og_type":"article","og_title":"Avertissement - Hifly","og_description":"Hifly et toute partie li\u00e9e d\u00e9clinent toute responsabilit\u00e9 en ce qui concerne le contenu des informations de ce site Internet [&hellip;]","og_url":"https:\/\/hifly-tires.com\/fr\/avertissement\/","og_site_name":"Hifly","article_modified_time":"2020-12-16T14:48:39+00:00","twitter_card":"summary_large_image","twitter_misc":{"Dur\u00e9e de lecture estim\u00e9e":"1 minute"},"schema":{"@context":"https:\/\/schema.org","@graph":[{"@type":"WebPage","@id":"https:\/\/hifly-tires.com\/fr\/avertissement\/","url":"https:\/\/hifly-tires.com\/fr\/avertissement\/","name":"Avertissement - Hifly","isPartOf":{"@id":"https:\/\/hifly-tires.com\/it\/#website"},"datePublished":"2020-12-16T14:48:38+00:00","dateModified":"2020-12-16T14:48:39+00:00","breadcrumb":{"@id":"https:\/\/hifly-tires.com\/fr\/avertissement\/#breadcrumb"},"inLanguage":"fr-FR","potentialAction":[{"@type":"ReadAction","target":["https:\/\/hifly-tires.com\/fr\/avertissement\/"]}]},{"@type":"BreadcrumbList","@id":"https:\/\/hifly-tires.com\/fr\/avertissement\/#breadcrumb","itemListElement":[{"@type":"ListItem","position":1,"name":"Home","item":"https:\/\/hifly-tires.com\/fr\/"},{"@type":"ListItem","position":2,"name":"Avertissement"}]},{"@type":"WebSite","@id":"https:\/\/hifly-tires.com\/it\/#website","url":"https:\/\/hifly-tires.com\/it\/","name":"Hifly","description":"A tyre you can trust","potentialAction":[{"@type":"SearchAction","target":{"@type":"EntryPoint","urlTemplate":"https:\/\/hifly-tires.com\/it\/?s={search_term_string}"},"query-input":{"@type":"PropertyValueSpecification","valueRequired":true,"valueName":"search_term_string"}}],"inLanguage":"fr-FR"}]}},"_links":{"self":[{"href":"https:\/\/hifly-tires.com\/fr\/wp-json\/wp\/v2\/pages\/905","targetHints":{"allow":["GET"]}}],"collection":[{"href":"https:\/\/hifly-tires.com\/fr\/wp-json\/wp\/v2\/pages"}],"about":[{"href":"https:\/\/hifly-tires.com\/fr\/wp-json\/wp\/v2\/types\/page"}],"author":[{"embeddable":true,"href":"https:\/\/hifly-tires.com\/fr\/wp-json\/wp\/v2\/users\/5"}],"replies":[{"embeddable":true,"href":"https:\/\/hifly-tires.com\/fr\/wp-json\/wp\/v2\/comments?post=905"}],"version-history":[{"count":1,"href":"https:\/\/hifly-tires.com\/fr\/wp-json\/wp\/v2\/pages\/905\/revisions"}],"predecessor-version":[{"id":907,"href":"https:\/\/hifly-tires.com\/fr\/wp-json\/wp\/v2\/pages\/905\/revisions\/907"}],"wp:attachment":[{"href":"https:\/\/hifly-tires.com\/fr\/wp-json\/wp\/v2\/media?parent=905"}],"curies":[{"name":"wp","href":"https:\/\/api.w.org\/{rel}","templated":true}]}}