{"id":369,"date":"2020-10-07T06:42:37","date_gmt":"2020-10-07T06:42:37","guid":{"rendered":"https:\/\/hifly-tires.com\/hifly-banden\/"},"modified":"2024-02-12T08:09:22","modified_gmt":"2024-02-12T08:09:22","slug":"hifly-banden","status":"publish","type":"page","link":"https:\/\/hifly-tires.com\/fr\/","title":{"rendered":"Hifly pneus"},"content":{"rendered":"\n<h3 class=\"has-text-align-center wp-block-heading\"><strong>Un pneu en lequel vous pouvez avoir confiance, en toute saison.<\/strong><\/h3>\n\n\n\n<p class=\"has-text-align-center\">Vous recherchez des pneus \u00e9t\u00e9, hiver ou 4 saisons fiables et abordables\u00a0? Hifly a ce qu\u2019il vous faut. Des pneus modernes pour tous types de v\u00e9hicules\u00a0: v\u00e9hicules de tourisme, 4&#215;4, camionnettes, caravanes et remorques. Vous avez le choix entre plus de 450 dimensions. Et un excellent rapport qualit\u00e9 prix est garanti.<\/p>\n\n\n\n<p class=\"has-text-align-center\">La force de la marque Hifly est avant tout d\u2019\u00eatre un fabricant de premier plan avec des normes de haute qualit\u00e9. Depuis plus de 12 ans d\u00e9j\u00e0, des millions de pneus Hifly ont \u00e9t\u00e9 mont\u00e9s avec succ\u00e8s dans toute l\u2019Europe.<\/p>\n","protected":false},"excerpt":{"rendered":"<p>Un pneu en lequel vous pouvez avoir confiance, en toute saison. Vous recherchez des pneus \u00e9t\u00e9, hiver ou 4 saisons [&hellip;]<\/p>\n","protected":false},"author":5,"featured_media":0,"parent":0,"menu_order":0,"comment_status":"closed","ping_status":"closed","template":"home.php","meta":{"_acf_changed":false,"footnotes":""},"class_list":["post-369","page","type-page","status-publish","hentry"],"acf":[],"yoast_head":"<!-- This site is optimized with the Yoast SEO plugin v27.2 - https:\/\/yoast.com\/product\/yoast-seo-wordpress\/ -->\n<title>Hifly pneus - Hifly<\/title>\n<meta name=\"robots\" content=\"index, follow, max-snippet:-1, max-image-preview:large, max-video-preview:-1\" \/>\n<link rel=\"canonical\" href=\"https:\/\/hifly-tires.com\/fr\/\" \/>\n<meta property=\"og:locale\" content=\"fr_FR\" \/>\n<meta property=\"og:type\" content=\"article\" \/>\n<meta property=\"og:title\" content=\"Hifly pneus - Hifly\" \/>\n<meta property=\"og:description\" content=\"Un pneu en lequel vous pouvez avoir confiance, en toute saison. Vous recherchez des pneus \u00e9t\u00e9, hiver ou 4 saisons [&hellip;]\" \/>\n<meta property=\"og:url\" content=\"https:\/\/hifly-tires.com\/fr\/\" \/>\n<meta property=\"og:site_name\" content=\"Hifly\" \/>\n<meta property=\"article:modified_time\" content=\"2024-02-12T08:09:22+00:00\" \/>\n<meta name=\"twitter:card\" content=\"summary_large_image\" \/>\n<meta name=\"twitter:label1\" content=\"Dur\u00e9e de lecture estim\u00e9e\" \/>\n\t<meta name=\"twitter:data1\" content=\"1 minute\" \/>\n<script type=\"application\/ld+json\" class=\"yoast-schema-graph\">{\"@context\":\"https:\/\/schema.org\",\"@graph\":[{\"@type\":\"WebPage\",\"@id\":\"https:\/\/hifly-tires.com\/fr\/\",\"url\":\"https:\/\/hifly-tires.com\/fr\/\",\"name\":\"Hifly pneus - Hifly\",\"isPartOf\":{\"@id\":\"https:\/\/hifly-tires.com\/it\/#website\"},\"datePublished\":\"2020-10-07T06:42:37+00:00\",\"dateModified\":\"2024-02-12T08:09:22+00:00\",\"breadcrumb\":{\"@id\":\"https:\/\/hifly-tires.com\/fr\/#breadcrumb\"},\"inLanguage\":\"fr-FR\",\"potentialAction\":[{\"@type\":\"ReadAction\",\"target\":[\"https:\/\/hifly-tires.com\/fr\/\"]}]},{\"@type\":\"BreadcrumbList\",\"@id\":\"https:\/\/hifly-tires.com\/fr\/#breadcrumb\",\"itemListElement\":[{\"@type\":\"ListItem\",\"position\":1,\"name\":\"Home\",\"item\":\"https:\/\/hifly-tires.com\/fr\/\"},{\"@type\":\"ListItem\",\"position\":2,\"name\":\"Hifly pneus\"}]},{\"@type\":\"WebSite\",\"@id\":\"https:\/\/hifly-tires.com\/it\/#website\",\"url\":\"https:\/\/hifly-tires.com\/it\/\",\"name\":\"Hifly\",\"description\":\"A tyre you can trust\",\"potentialAction\":[{\"@type\":\"SearchAction\",\"target\":{\"@type\":\"EntryPoint\",\"urlTemplate\":\"https:\/\/hifly-tires.com\/it\/?s={search_term_string}\"},\"query-input\":{\"@type\":\"PropertyValueSpecification\",\"valueRequired\":true,\"valueName\":\"search_term_string\"}}],\"inLanguage\":\"fr-FR\"}]}<\/script>\n<!-- \/ Yoast SEO plugin. -->","yoast_head_json":{"title":"Hifly pneus - Hifly","robots":{"index":"index","follow":"follow","max-snippet":"max-snippet:-1","max-image-preview":"max-image-preview:large","max-video-preview":"max-video-preview:-1"},"canonical":"https:\/\/hifly-tires.com\/fr\/","og_locale":"fr_FR","og_type":"article","og_title":"Hifly pneus - Hifly","og_description":"Un pneu en lequel vous pouvez avoir confiance, en toute saison. Vous recherchez des pneus \u00e9t\u00e9, hiver ou 4 saisons [&hellip;]","og_url":"https:\/\/hifly-tires.com\/fr\/","og_site_name":"Hifly","article_modified_time":"2024-02-12T08:09:22+00:00","twitter_card":"summary_large_image","twitter_misc":{"Dur\u00e9e de lecture estim\u00e9e":"1 minute"},"schema":{"@context":"https:\/\/schema.org","@graph":[{"@type":"WebPage","@id":"https:\/\/hifly-tires.com\/fr\/","url":"https:\/\/hifly-tires.com\/fr\/","name":"Hifly pneus - Hifly","isPartOf":{"@id":"https:\/\/hifly-tires.com\/it\/#website"},"datePublished":"2020-10-07T06:42:37+00:00","dateModified":"2024-02-12T08:09:22+00:00","breadcrumb":{"@id":"https:\/\/hifly-tires.com\/fr\/#breadcrumb"},"inLanguage":"fr-FR","potentialAction":[{"@type":"ReadAction","target":["https:\/\/hifly-tires.com\/fr\/"]}]},{"@type":"BreadcrumbList","@id":"https:\/\/hifly-tires.com\/fr\/#breadcrumb","itemListElement":[{"@type":"ListItem","position":1,"name":"Home","item":"https:\/\/hifly-tires.com\/fr\/"},{"@type":"ListItem","position":2,"name":"Hifly pneus"}]},{"@type":"WebSite","@id":"https:\/\/hifly-tires.com\/it\/#website","url":"https:\/\/hifly-tires.com\/it\/","name":"Hifly","description":"A tyre you can trust","potentialAction":[{"@type":"SearchAction","target":{"@type":"EntryPoint","urlTemplate":"https:\/\/hifly-tires.com\/it\/?s={search_term_string}"},"query-input":{"@type":"PropertyValueSpecification","valueRequired":true,"valueName":"search_term_string"}}],"inLanguage":"fr-FR"}]}},"_links":{"self":[{"href":"https:\/\/hifly-tires.com\/fr\/wp-json\/wp\/v2\/pages\/369","targetHints":{"allow":["GET"]}}],"collection":[{"href":"https:\/\/hifly-tires.com\/fr\/wp-json\/wp\/v2\/pages"}],"about":[{"href":"https:\/\/hifly-tires.com\/fr\/wp-json\/wp\/v2\/types\/page"}],"author":[{"embeddable":true,"href":"https:\/\/hifly-tires.com\/fr\/wp-json\/wp\/v2\/users\/5"}],"replies":[{"embeddable":true,"href":"https:\/\/hifly-tires.com\/fr\/wp-json\/wp\/v2\/comments?post=369"}],"version-history":[{"count":4,"href":"https:\/\/hifly-tires.com\/fr\/wp-json\/wp\/v2\/pages\/369\/revisions"}],"predecessor-version":[{"id":2053,"href":"https:\/\/hifly-tires.com\/fr\/wp-json\/wp\/v2\/pages\/369\/revisions\/2053"}],"wp:attachment":[{"href":"https:\/\/hifly-tires.com\/fr\/wp-json\/wp\/v2\/media?parent=369"}],"curies":[{"name":"wp","href":"https:\/\/api.w.org\/{rel}","templated":true}]}}