{"id":141,"date":"2020-10-08T11:16:18","date_gmt":"2020-10-08T11:16:18","guid":{"rendered":"https:\/\/hifly-tires.com\/over-hifly\/"},"modified":"2022-02-01T13:21:50","modified_gmt":"2022-02-01T13:21:50","slug":"a-propos-de-hifly","status":"publish","type":"page","link":"https:\/\/hifly-tires.com\/fr\/a-propos-de-hifly\/","title":{"rendered":"A propos de Hifly"},"content":{"rendered":"\n<p>Ce que nous avons \u00e0 vous offrir&nbsp;:<\/p>\n\n\n\n<ul class=\"wp-block-list\"><li>Des pneus \u00e9t\u00e9, hiver* et 4 saisons* fiables et \u00e0 prix abordables<\/li><li>Convient \u00e0 tous les types de v\u00e9hicules<br><a href=\"\/fr\/v\u00e9hicule\/vehicule-particulier\/\">V\u00e9hicules de tourisme<\/a>, <a href=\"\/fr\/v\u00e9hicule\/suv-4x4-fr\/\">SUV, 4&#215;4<\/a>, <a href=\"\/fr\/v\u00e9hicule\/camionnette\/\">camionnettes, caravanes et remorques<\/a><\/li><li>Plus de 450 tailles disponibles \u2013 de 10 \u00e0 22 pouces<\/li><li>Un excellent rapport qualit\u00e9 prix<\/li><\/ul>\n\n\n\n<p><em>*Les pneus hiver et 4 saisons sont marqu\u00e9s du symbole 3PMSF. Cela signifie qu\u2019ils sont officiellement reconnus comme pneus hiver. Egalement dans les zones de sports d\u2019hiver.<\/em><\/p>\n\n\n\n<h2 class=\"wp-block-heading\"><strong>Une qualit\u00e9 prouv\u00e9e<\/strong><\/h2>\n\n\n\n<p>Depuis plus de 12 ans d\u00e9j\u00e0, des millions de pneus Hifly ont \u00e9t\u00e9 mont\u00e9s avec succ\u00e8s dans toute l&rsquo;Europe.<\/p>\n\n\n\n<p>La gamme Hifly est constamment mise \u00e0 jour et compl\u00e9t\u00e9e, pour r\u00e9pondre \u00e0 l&rsquo;\u00e9volution permanente de la demande de pneus. Lorsque de nouveaux types de v\u00e9hicules sont mis sur le march\u00e9, de nouvelles tailles de premi\u00e8re monte sont \u00e9galement d\u00e9velopp\u00e9es.<\/p>\n\n\n\n<h2 class=\"wp-block-heading\"><strong>Fabricant professionnel<\/strong><\/h2>\n\n\n\n<p>Nos pneus sont produits par l&rsquo;un des principaux fabricants de pneus chinois : Shandong Hengfeng Rubber &amp; Plastic Co, qui a \u00e9t\u00e9 fond\u00e9 en 1995. Nous disposons d&rsquo;une \u00e9quipe de R&amp;D exp\u00e9riment\u00e9e et&nbsp; de tests avanc\u00e9es. Cela permet de garantir des pneus fiables et d\u2019une qualit\u00e9 durable.&nbsp;<\/p>\n\n\n\n<p>Prenez contact avec nous\u00a0: <a href=\"mailto:info@hiflybanden.nl\"><\/a><a href=\"mailto:info@hifly-tires.com\">info@hifly-tires.<\/a><a href=\"mailto:info@hiflybanden.nl\"><\/a><a href=\"mailto:info@hifly-tyres.com\">com<\/a><\/p>\n\n\n\n<h3 class=\"wp-block-heading\"><strong><span style=\"color:#025fab\" class=\"has-inline-color\">Hifly, fiable et abordable en toute saison.<\/span><\/strong><\/h3>\n","protected":false},"excerpt":{"rendered":"<p>Ce que nous avons \u00e0 vous offrir&nbsp;: Des pneus \u00e9t\u00e9, hiver* et 4 saisons* fiables et \u00e0 prix abordables Convient [&hellip;]<\/p>\n","protected":false},"author":5,"featured_media":0,"parent":0,"menu_order":0,"comment_status":"closed","ping_status":"closed","template":"","meta":{"_acf_changed":false,"footnotes":""},"class_list":["post-141","page","type-page","status-publish","hentry"],"acf":[],"yoast_head":"<!-- This site is optimized with the Yoast SEO plugin v27.2 - https:\/\/yoast.com\/product\/yoast-seo-wordpress\/ -->\n<title>A propos de Hifly - Hifly<\/title>\n<meta name=\"robots\" content=\"index, follow, max-snippet:-1, max-image-preview:large, max-video-preview:-1\" \/>\n<link rel=\"canonical\" href=\"https:\/\/hifly-tires.com\/fr\/a-propos-de-hifly\/\" \/>\n<meta property=\"og:locale\" content=\"fr_FR\" \/>\n<meta property=\"og:type\" content=\"article\" \/>\n<meta property=\"og:title\" content=\"A propos de Hifly - Hifly\" \/>\n<meta property=\"og:description\" content=\"Ce que nous avons \u00e0 vous offrir&nbsp;: Des pneus \u00e9t\u00e9, hiver* et 4 saisons* fiables et \u00e0 prix abordables Convient [&hellip;]\" \/>\n<meta property=\"og:url\" content=\"https:\/\/hifly-tires.com\/fr\/a-propos-de-hifly\/\" \/>\n<meta property=\"og:site_name\" content=\"Hifly\" \/>\n<meta property=\"article:modified_time\" content=\"2022-02-01T13:21:50+00:00\" \/>\n<meta name=\"twitter:card\" content=\"summary_large_image\" \/>\n<meta name=\"twitter:label1\" content=\"Dur\u00e9e de lecture estim\u00e9e\" \/>\n\t<meta name=\"twitter:data1\" content=\"1 minute\" \/>\n<script type=\"application\/ld+json\" class=\"yoast-schema-graph\">{\"@context\":\"https:\/\/schema.org\",\"@graph\":[{\"@type\":\"WebPage\",\"@id\":\"https:\/\/hifly-tires.com\/fr\/a-propos-de-hifly\/\",\"url\":\"https:\/\/hifly-tires.com\/fr\/a-propos-de-hifly\/\",\"name\":\"A propos de Hifly - Hifly\",\"isPartOf\":{\"@id\":\"https:\/\/hifly-tires.com\/it\/#website\"},\"datePublished\":\"2020-10-08T11:16:18+00:00\",\"dateModified\":\"2022-02-01T13:21:50+00:00\",\"breadcrumb\":{\"@id\":\"https:\/\/hifly-tires.com\/fr\/a-propos-de-hifly\/#breadcrumb\"},\"inLanguage\":\"fr-FR\",\"potentialAction\":[{\"@type\":\"ReadAction\",\"target\":[\"https:\/\/hifly-tires.com\/fr\/a-propos-de-hifly\/\"]}]},{\"@type\":\"BreadcrumbList\",\"@id\":\"https:\/\/hifly-tires.com\/fr\/a-propos-de-hifly\/#breadcrumb\",\"itemListElement\":[{\"@type\":\"ListItem\",\"position\":1,\"name\":\"Home\",\"item\":\"https:\/\/hifly-tires.com\/fr\/\"},{\"@type\":\"ListItem\",\"position\":2,\"name\":\"A propos de Hifly\"}]},{\"@type\":\"WebSite\",\"@id\":\"https:\/\/hifly-tires.com\/it\/#website\",\"url\":\"https:\/\/hifly-tires.com\/it\/\",\"name\":\"Hifly\",\"description\":\"A tyre you can trust\",\"potentialAction\":[{\"@type\":\"SearchAction\",\"target\":{\"@type\":\"EntryPoint\",\"urlTemplate\":\"https:\/\/hifly-tires.com\/it\/?s={search_term_string}\"},\"query-input\":{\"@type\":\"PropertyValueSpecification\",\"valueRequired\":true,\"valueName\":\"search_term_string\"}}],\"inLanguage\":\"fr-FR\"}]}<\/script>\n<!-- \/ Yoast SEO plugin. -->","yoast_head_json":{"title":"A propos de Hifly - Hifly","robots":{"index":"index","follow":"follow","max-snippet":"max-snippet:-1","max-image-preview":"max-image-preview:large","max-video-preview":"max-video-preview:-1"},"canonical":"https:\/\/hifly-tires.com\/fr\/a-propos-de-hifly\/","og_locale":"fr_FR","og_type":"article","og_title":"A propos de Hifly - Hifly","og_description":"Ce que nous avons \u00e0 vous offrir&nbsp;: Des pneus \u00e9t\u00e9, hiver* et 4 saisons* fiables et \u00e0 prix abordables Convient [&hellip;]","og_url":"https:\/\/hifly-tires.com\/fr\/a-propos-de-hifly\/","og_site_name":"Hifly","article_modified_time":"2022-02-01T13:21:50+00:00","twitter_card":"summary_large_image","twitter_misc":{"Dur\u00e9e de lecture estim\u00e9e":"1 minute"},"schema":{"@context":"https:\/\/schema.org","@graph":[{"@type":"WebPage","@id":"https:\/\/hifly-tires.com\/fr\/a-propos-de-hifly\/","url":"https:\/\/hifly-tires.com\/fr\/a-propos-de-hifly\/","name":"A propos de Hifly - Hifly","isPartOf":{"@id":"https:\/\/hifly-tires.com\/it\/#website"},"datePublished":"2020-10-08T11:16:18+00:00","dateModified":"2022-02-01T13:21:50+00:00","breadcrumb":{"@id":"https:\/\/hifly-tires.com\/fr\/a-propos-de-hifly\/#breadcrumb"},"inLanguage":"fr-FR","potentialAction":[{"@type":"ReadAction","target":["https:\/\/hifly-tires.com\/fr\/a-propos-de-hifly\/"]}]},{"@type":"BreadcrumbList","@id":"https:\/\/hifly-tires.com\/fr\/a-propos-de-hifly\/#breadcrumb","itemListElement":[{"@type":"ListItem","position":1,"name":"Home","item":"https:\/\/hifly-tires.com\/fr\/"},{"@type":"ListItem","position":2,"name":"A propos de Hifly"}]},{"@type":"WebSite","@id":"https:\/\/hifly-tires.com\/it\/#website","url":"https:\/\/hifly-tires.com\/it\/","name":"Hifly","description":"A tyre you can trust","potentialAction":[{"@type":"SearchAction","target":{"@type":"EntryPoint","urlTemplate":"https:\/\/hifly-tires.com\/it\/?s={search_term_string}"},"query-input":{"@type":"PropertyValueSpecification","valueRequired":true,"valueName":"search_term_string"}}],"inLanguage":"fr-FR"}]}},"_links":{"self":[{"href":"https:\/\/hifly-tires.com\/fr\/wp-json\/wp\/v2\/pages\/141","targetHints":{"allow":["GET"]}}],"collection":[{"href":"https:\/\/hifly-tires.com\/fr\/wp-json\/wp\/v2\/pages"}],"about":[{"href":"https:\/\/hifly-tires.com\/fr\/wp-json\/wp\/v2\/types\/page"}],"author":[{"embeddable":true,"href":"https:\/\/hifly-tires.com\/fr\/wp-json\/wp\/v2\/users\/5"}],"replies":[{"embeddable":true,"href":"https:\/\/hifly-tires.com\/fr\/wp-json\/wp\/v2\/comments?post=141"}],"version-history":[{"count":16,"href":"https:\/\/hifly-tires.com\/fr\/wp-json\/wp\/v2\/pages\/141\/revisions"}],"predecessor-version":[{"id":2081,"href":"https:\/\/hifly-tires.com\/fr\/wp-json\/wp\/v2\/pages\/141\/revisions\/2081"}],"wp:attachment":[{"href":"https:\/\/hifly-tires.com\/fr\/wp-json\/wp\/v2\/media?parent=141"}],"curies":[{"name":"wp","href":"https:\/\/api.w.org\/{rel}","templated":true}]}}