{"id":1025,"date":"2021-01-04T13:07:44","date_gmt":"2021-01-04T13:07:44","guid":{"rendered":"https:\/\/hifly-tires.com\/what-is-a-tyre-label\/"},"modified":"2021-06-03T11:47:28","modified_gmt":"2021-06-03T11:47:28","slug":"etiquette-pneumatique","status":"publish","type":"page","link":"https:\/\/hifly-tires.com\/fr\/etiquette-pneumatique\/","title":{"rendered":"\u00c9tiquette-pneumatique"},"content":{"rendered":"\n<div class=\"wp-block-image\"><figure class=\"alignleft size-large\"><img loading=\"lazy\" decoding=\"async\" width=\"206\" height=\"293\" src=\"https:\/\/hifly-tires.com\/wp-content\/uploads\/2021\/05\/New-Tire-Label.jpg\" alt=\"\" class=\"wp-image-1653\" srcset=\"https:\/\/hifly-tires.com\/wp-content\/uploads\/2021\/05\/New-Tire-Label.jpg 206w, https:\/\/hifly-tires.com\/wp-content\/uploads\/2021\/05\/New-Tire-Label-105x150.jpg 105w\" sizes=\"auto, (max-width: 206px) 100vw, 206px\" \/><\/figure><\/div>\n\n\n\n<p>\u00c0 compter du 01\/05\/2021, l\u2019\u00e9tiquetage europ\u00e9en des pneumatiques a fortement chang\u00e9 pour s\u2019adapter \u00e0 l\u2019actualisation des r\u00e9glementations europ\u00e9ennes, rendues plus strictes (<a href=\"https:\/\/eur-lex.europa.eu\/legal-content\/EN\/ALL\/?uri=CELEX%3A32020R0740\">R\u00e8glement (UE) 2020\/740<\/a>). Ce nouvel \u00e9tiquetage europ\u00e9en des pneumatiques s\u2019applique aux pneumatiques de v\u00e9hicules particuliers (C1), de camions l\u00e9gers (C2) et de camions lourds (C3).<\/p>\n\n\n\n<p>La nouvelle \u00e9tiquette europ\u00e9enne de pneumatiques doit figurer sur le pneumatique ou au point de vent de tous les pneumatiques de types C1, C2 et C3 fabriqu\u00e9s \u00e0 partir du 1er mai 2021. L\u2019\u00e9tiquette doit indiquer le rendement, l\u2019efficacit\u00e9 \u00e9cologique et le niveau de s\u00e9curit\u00e9 du pneumatique. Elle fournit aussi la performance des pneumatiques sp\u00e9cifiquement con\u00e7us pour une utilisation dans des conditions difficiles de neige et de verglas. L\u2019\u00e9tiquette des pneus permet de comparer les pneus et vise \u00e0 encourager l\u2019utilisation de pneus plus s\u00fbrs, plus efficaces et plus silencieux.<\/p>\n\n\n\n<p>Cependant, l\u2019\u00e9tiquette ne mentionne que 5 crit\u00e8res de performance alors qu\u2019il en existe en r\u00e9alit\u00e9 50 pour \u00e9valuer la qualit\u00e9 d\u2019un pneu. Par exemple : la r\u00e9sistance \u00e0 l\u2019usure (kilom\u00e9trage), le freinage sur sol sec, la traction sur neige, l\u2019adh\u00e9rence lat\u00e9rale sur glace, le bruit du v\u00e9hicule, la maniabilit\u00e9 et l\u2019aquaplaning.<\/p>\n\n\n\n<h2 class=\"wp-block-heading\">INFORMATIONS SUR LES CINQ CRIT\u00c8RES DE PERFORMANCE FIGURANT SUR L\u2019\u00c9TIQUETTE DE PNEUMATIQUE<\/h2>\n\n\n\n<p>L\u2019\u00e9tiquette de pneumatique fournit une valeur (classe) pour les cinq crit\u00e8res suivants :<\/p>\n\n\n\n<h3 class=\"wp-block-heading\"><strong>EFFICACIT\u00c9 EN CARBURANT<\/strong><\/h3>\n\n\n\n<div class=\"wp-block-image\"><figure class=\"alignleft size-large\"><img loading=\"lazy\" decoding=\"async\" width=\"142\" height=\"142\" src=\"https:\/\/hifly-tires.com\/wp-content\/uploads\/2021\/05\/Roll-5x5-1.png\" alt=\"\" class=\"wp-image-1701\"\/><\/figure><\/div>\n\n\n\n<p><em><em>5 classes de A (tr\u00e8s efficace) \u00e0 E (peu efficace).<\/em><\/em> La consommation de carburant d\u2019un v\u00e9hicule d\u00e9pend de facteurs tels que le type de moteur, la vitesse, le rev\u00eatement de la route, les conditions m\u00e9t\u00e9orologiques, etc. La r\u00e9sistance au roulement des pneus repr\u00e9sente environ 20 % de la consommation de carburant. Une consommation de carburant moindre signifie une r\u00e9duction des co\u00fbts de carburant et des \u00e9missions de CO2.<\/p>\n\n\n\n<p><\/p>\n\n\n\n<h3 class=\"wp-block-heading\"><strong><strong>ADH\u00c9RENCE SUR SOL MOUILL\u00c9<\/strong><\/strong><\/h3>\n\n\n\n<div class=\"wp-block-image\"><figure class=\"alignleft size-large\"><img loading=\"lazy\" decoding=\"async\" width=\"142\" height=\"142\" src=\"https:\/\/hifly-tires.com\/wp-content\/uploads\/2021\/05\/Break-5x5-1.png\" alt=\"\" class=\"wp-image-1665\"\/><\/figure><\/div>\n\n\n\n<p><em><em>5 classes de A (distance de freinage la plus courte) \u00e0 E (distance de freinage la plus longue).<\/em><\/em> Les performances d\u2019adh\u00e9rence sur sol mouill\u00e9 d\u2019un pneu peuvent varier en fonction du type de v\u00e9hicule, des conditions m\u00e9t\u00e9orologiques et du dessin de la bande de roulement, entre autres facteurs. Une bonne adh\u00e9rence est importante pour la s\u00e9curit\u00e9.<\/p>\n\n\n\n<p><\/p>\n\n\n\n<h3 class=\"wp-block-heading\"><strong><strong>BRUIT DE ROULEMENT EXTERNE<\/strong><\/strong><\/h3>\n\n\n\n<div class=\"wp-block-image\"><figure class=\"alignleft size-large\"><img loading=\"lazy\" decoding=\"async\" width=\"142\" height=\"142\" src=\"https:\/\/hifly-tires.com\/wp-content\/uploads\/2021\/05\/noise-5x5-1.png\" alt=\"\" class=\"wp-image-1689\"\/><\/figure><\/div>\n\n\n\n<p><em>3 classes de bruit de roulement externe, avec une valeur mesur\u00e9e en dB.<\/em> Le bruit de roulement externe d\u00e9signe le bruit de la circulation caus\u00e9 par le pneu. En plus du niveau de bruit en d\u00e9cibels (dB), le pictogramme indique \u00e9galement le niveau de bruit A, B ou C.<\/p>\n\n\n\n<p><em>Remarque : Il n\u2019y a pas de lien direct entre le bruit externe (\u00e0 l\u2019ext\u00e9rieur de la voiture) et le bruit interne (\u00e0 l\u2019int\u00e9rieur de la voiture) des pneus.<\/em><\/p>\n\n\n\n<h3 class=\"wp-block-heading\"><strong>ADH\u00c9RENCE SUR NEIGE<\/strong><\/h3>\n\n\n\n<div class=\"wp-block-image\"><figure class=\"alignleft size-large\"><img loading=\"lazy\" decoding=\"async\" width=\"142\" height=\"142\" src=\"https:\/\/hifly-tires.com\/wp-content\/uploads\/2021\/05\/snow-5x5-1.png\" alt=\"\" class=\"wp-image-1713\"\/><\/figure><\/div>\n\n\n\n<p>Les pneus marqu\u00e9s du symbole de la neige sont r\u00e9put\u00e9s satisfaire aux valeurs minimales de l\u2019indice d\u2019adh\u00e9rence sur la neige telles que sp\u00e9cifi\u00e9es dans le r\u00e8glement n\u00b0 117 de la CEE-ONU et sont adapt\u00e9s \u00e0 une utilisation dans des conditions de neige s\u00e9v\u00e8res. Le symbole de flocon de neige se trouve sur les pneus d\u2019hiver et sur de nombreux pneus toutes saisons.<\/p>\n\n\n\n<p><\/p>\n\n\n\n<h3 class=\"wp-block-heading\"><strong><strong>ADH\u00c9RENCE SUR VERGLAS<\/strong><\/strong><\/h3>\n\n\n\n<div class=\"wp-block-image\"><figure class=\"alignleft size-large\"><img loading=\"lazy\" decoding=\"async\" width=\"142\" height=\"142\" src=\"https:\/\/hifly-tires.com\/wp-content\/uploads\/2021\/05\/ice-5x5-1.png\" alt=\"\" class=\"wp-image-1677\"\/><\/figure><\/div>\n\n\n\n<p>Les pneus portant le symbole de la glace satisfont aux valeurs minimales pertinentes de l\u2019indice d\u2019adh\u00e9rence sur verglas et sont adapt\u00e9s \u00e0 une utilisation dans des conditions tr\u00e8s neigeuses et verglac\u00e9es.<br>\u00c0 l\u2019heure actuelle, le symbole de verglas ne figure que sur les \u00e9tiquettes des pneus des v\u00e9hicules personnels.<\/p>\n\n\n\n<p class=\"has-text-align-left\">Les\u00a0<strong>pneumatiques portant<\/strong>\u00a0le pictogramme\u00a0<strong>d\u2019adh\u00e9rence sur verglas<\/strong>\u00a0sont sp\u00e9cialement con\u00e7us pour un rev\u00eatement routier couvert de glace et de neige compacte. Ces pneus ne doivent \u00eatre utilis\u00e9s que dans des conditions climatiques tr\u00e8s s\u00e9v\u00e8res (par exemple des temp\u00e9ratures froides). L\u2019utilisation de pneus ayant une adh\u00e9rence pour la glace dans des conditions climatiques moins s\u00e9v\u00e8res (par exemple, sur le mouill\u00e9 ou \u00e0 des temp\u00e9ratures plus chaudes) pourrait entra\u00eener des performances sous-optimales, notamment en termes d\u2019adh\u00e9rence sur le mouill\u00e9, de maniabilit\u00e9 et d\u2019usure.<\/p>\n\n\n\n<p>L\u2019UE a mis en place une base de donn\u00e9es europ\u00e9enne des produits pour l\u2019\u00e9tiquetage \u00e9nerg\u00e9tique (EPREL). Les donn\u00e9es relatives aux pneumatiques (\u00e9tiquettes) contenues dans cette base de donn\u00e9es peuvent \u00eatre consult\u00e9es \u00e0 partir du 1er mai 2021. La nouvelle \u00e9tiquette du pneu contiendra \u00e9galement un code QR gr\u00e2ce auquel les donn\u00e9es de la fiche d\u2019information sur le produit, vis\u00e9es \u00e0 l\u2019annexe III du\u00a0<a href=\"https:\/\/eur-lex.europa.eu\/legal-content\/EN\/ALL\/?uri=CELEX%3A32020R0740\">R\u00e8glement (UE) 2020\/740<\/a>\u00a0seront \u00e0 terme accessibles \u00e0 tous.<\/p>\n\n\n\n<p>En r\u00e9f\u00e9rence au\u00a0<a href=\"https:\/\/eur-lex.europa.eu\/legal-content\/EN\/ALL\/?uri=CELEX%3A32020R0740\">R\u00e8glement europ\u00e9en (UE) 2020\/740<\/a>\u00a0susmentionn\u00e9, nous insistons sur le fait que le comportement du conducteur est le principal d\u00e9terminant de la consommation de carburant et de la s\u00e9curit\u00e9 routi\u00e8re, et en particulier que :<\/p>\n\n\n\n<ul class=\"wp-block-list\"><li>Une conduite \u00e9cologique peut r\u00e9duire sensiblement la consommation de carburant<\/li><li>La pression de gonflage des pneus doit \u00eatre contr\u00f4l\u00e9e r\u00e9guli\u00e8rement pour optimiser l\u2019efficacit\u00e9 en carburant et l\u2019adh\u00e9rence sur sol mouill\u00e9<\/li><li>Les distances suivantes doivent \u00eatre strictement respect\u00e9es en permanence.<\/li><\/ul>\n\n\n\n<p><strong><strong>Le pr\u00e9sent r\u00e8glement ne s\u2019applique pas:<\/strong><\/strong><\/p>\n\n\n\n<ul class=\"wp-block-list\"><li>Aux pneumatiques professionnels non routiers<\/li><li>Aux pneumatiques con\u00e7us pour \u00eatre mont\u00e9s uniquement sur les v\u00e9hicules immatricul\u00e9s pour la premi\u00e8re fois avant le 1 eroctobre 1990<\/li><li>Aux pneumatiques de secours \u00e0 usage temporaire de type T<\/li><li>Aux pneumatiques dont l\u2019indice de vitesse est inf\u00e9rieur \u00e0 80 km\/h<\/li><li>Aux pneumatiques dont le diam\u00e8tre de jante nominal est inf\u00e9rieur ou \u00e9gal \u00e0 254 mm, ou sup\u00e9rieur ou \u00e9gal \u00e0 635 mm<\/li><li>Aux pneumatiques munis de dispositifs additionnels destin\u00e9s \u00e0 am\u00e9liorer les caract\u00e9ristiques de traction, tels que les pneumatiques clout\u00e9s<\/li><li>Aux pneumatiques con\u00e7us pour \u00eatre mont\u00e9s uniquement sur des v\u00e9hicules exclusivement destin\u00e9s aux courses automobiles.<\/li><\/ul>\n\n\n\n<p>Source :\u00a0<a href=\"https:\/\/eur-lex.europa.eu\/legal-content\/EN\/ALL\/?uri=CELEX%3A32020R0740\">R\u00e8glement (UE) N\u00b0 2020\/740 du Parlement europ\u00e9en et du Conseil<\/a><\/p>\n","protected":false},"excerpt":{"rendered":"<p>\u00c0 compter du 01\/05\/2021, l\u2019\u00e9tiquetage europ\u00e9en des pneumatiques a fortement chang\u00e9 pour s\u2019adapter \u00e0 l\u2019actualisation des r\u00e9glementations europ\u00e9ennes, rendues plus [&hellip;]<\/p>\n","protected":false},"author":5,"featured_media":0,"parent":0,"menu_order":0,"comment_status":"closed","ping_status":"closed","template":"","meta":{"_acf_changed":false,"footnotes":""},"class_list":["post-1025","page","type-page","status-publish","hentry"],"acf":[],"yoast_head":"<!-- This site is optimized with the Yoast SEO plugin v27.2 - https:\/\/yoast.com\/product\/yoast-seo-wordpress\/ -->\n<title>\u00c9tiquette-pneumatique - Hifly<\/title>\n<meta name=\"robots\" content=\"index, follow, max-snippet:-1, max-image-preview:large, max-video-preview:-1\" \/>\n<link rel=\"canonical\" href=\"https:\/\/hifly-tires.com\/fr\/etiquette-pneumatique\/\" \/>\n<meta property=\"og:locale\" content=\"fr_FR\" \/>\n<meta property=\"og:type\" content=\"article\" \/>\n<meta property=\"og:title\" content=\"\u00c9tiquette-pneumatique - Hifly\" \/>\n<meta property=\"og:description\" content=\"\u00c0 compter du 01\/05\/2021, l\u2019\u00e9tiquetage europ\u00e9en des pneumatiques a fortement chang\u00e9 pour s\u2019adapter \u00e0 l\u2019actualisation des r\u00e9glementations europ\u00e9ennes, rendues plus [&hellip;]\" \/>\n<meta property=\"og:url\" content=\"https:\/\/hifly-tires.com\/fr\/etiquette-pneumatique\/\" \/>\n<meta property=\"og:site_name\" content=\"Hifly\" \/>\n<meta property=\"article:modified_time\" content=\"2021-06-03T11:47:28+00:00\" \/>\n<meta property=\"og:image\" content=\"https:\/\/hifly-tires.com\/wp-content\/uploads\/2021\/05\/New-Tire-Label.jpg\" \/>\n<meta name=\"twitter:card\" content=\"summary_large_image\" \/>\n<meta name=\"twitter:label1\" content=\"Dur\u00e9e de lecture estim\u00e9e\" \/>\n\t<meta name=\"twitter:data1\" content=\"6 minutes\" \/>\n<script type=\"application\/ld+json\" class=\"yoast-schema-graph\">{\"@context\":\"https:\/\/schema.org\",\"@graph\":[{\"@type\":\"WebPage\",\"@id\":\"https:\/\/hifly-tires.com\/fr\/etiquette-pneumatique\/\",\"url\":\"https:\/\/hifly-tires.com\/fr\/etiquette-pneumatique\/\",\"name\":\"\u00c9tiquette-pneumatique - Hifly\",\"isPartOf\":{\"@id\":\"https:\/\/hifly-tires.com\/it\/#website\"},\"primaryImageOfPage\":{\"@id\":\"https:\/\/hifly-tires.com\/fr\/etiquette-pneumatique\/#primaryimage\"},\"image\":{\"@id\":\"https:\/\/hifly-tires.com\/fr\/etiquette-pneumatique\/#primaryimage\"},\"thumbnailUrl\":\"https:\/\/hifly-tires.com\/wp-content\/uploads\/2021\/05\/New-Tire-Label.jpg\",\"datePublished\":\"2021-01-04T13:07:44+00:00\",\"dateModified\":\"2021-06-03T11:47:28+00:00\",\"breadcrumb\":{\"@id\":\"https:\/\/hifly-tires.com\/fr\/etiquette-pneumatique\/#breadcrumb\"},\"inLanguage\":\"fr-FR\",\"potentialAction\":[{\"@type\":\"ReadAction\",\"target\":[\"https:\/\/hifly-tires.com\/fr\/etiquette-pneumatique\/\"]}]},{\"@type\":\"ImageObject\",\"inLanguage\":\"fr-FR\",\"@id\":\"https:\/\/hifly-tires.com\/fr\/etiquette-pneumatique\/#primaryimage\",\"url\":\"https:\/\/hifly-tires.com\/wp-content\/uploads\/2021\/05\/New-Tire-Label.jpg\",\"contentUrl\":\"https:\/\/hifly-tires.com\/wp-content\/uploads\/2021\/05\/New-Tire-Label.jpg\"},{\"@type\":\"BreadcrumbList\",\"@id\":\"https:\/\/hifly-tires.com\/fr\/etiquette-pneumatique\/#breadcrumb\",\"itemListElement\":[{\"@type\":\"ListItem\",\"position\":1,\"name\":\"Home\",\"item\":\"https:\/\/hifly-tires.com\/fr\/\"},{\"@type\":\"ListItem\",\"position\":2,\"name\":\"\u00c9tiquette-pneumatique\"}]},{\"@type\":\"WebSite\",\"@id\":\"https:\/\/hifly-tires.com\/it\/#website\",\"url\":\"https:\/\/hifly-tires.com\/it\/\",\"name\":\"Hifly\",\"description\":\"A tyre you can trust\",\"potentialAction\":[{\"@type\":\"SearchAction\",\"target\":{\"@type\":\"EntryPoint\",\"urlTemplate\":\"https:\/\/hifly-tires.com\/it\/?s={search_term_string}\"},\"query-input\":{\"@type\":\"PropertyValueSpecification\",\"valueRequired\":true,\"valueName\":\"search_term_string\"}}],\"inLanguage\":\"fr-FR\"}]}<\/script>\n<!-- \/ Yoast SEO plugin. -->","yoast_head_json":{"title":"\u00c9tiquette-pneumatique - Hifly","robots":{"index":"index","follow":"follow","max-snippet":"max-snippet:-1","max-image-preview":"max-image-preview:large","max-video-preview":"max-video-preview:-1"},"canonical":"https:\/\/hifly-tires.com\/fr\/etiquette-pneumatique\/","og_locale":"fr_FR","og_type":"article","og_title":"\u00c9tiquette-pneumatique - Hifly","og_description":"\u00c0 compter du 01\/05\/2021, l\u2019\u00e9tiquetage europ\u00e9en des pneumatiques a fortement chang\u00e9 pour s\u2019adapter \u00e0 l\u2019actualisation des r\u00e9glementations europ\u00e9ennes, rendues plus [&hellip;]","og_url":"https:\/\/hifly-tires.com\/fr\/etiquette-pneumatique\/","og_site_name":"Hifly","article_modified_time":"2021-06-03T11:47:28+00:00","og_image":[{"url":"https:\/\/hifly-tires.com\/wp-content\/uploads\/2021\/05\/New-Tire-Label.jpg","type":"","width":"","height":""}],"twitter_card":"summary_large_image","twitter_misc":{"Dur\u00e9e de lecture estim\u00e9e":"6 minutes"},"schema":{"@context":"https:\/\/schema.org","@graph":[{"@type":"WebPage","@id":"https:\/\/hifly-tires.com\/fr\/etiquette-pneumatique\/","url":"https:\/\/hifly-tires.com\/fr\/etiquette-pneumatique\/","name":"\u00c9tiquette-pneumatique - Hifly","isPartOf":{"@id":"https:\/\/hifly-tires.com\/it\/#website"},"primaryImageOfPage":{"@id":"https:\/\/hifly-tires.com\/fr\/etiquette-pneumatique\/#primaryimage"},"image":{"@id":"https:\/\/hifly-tires.com\/fr\/etiquette-pneumatique\/#primaryimage"},"thumbnailUrl":"https:\/\/hifly-tires.com\/wp-content\/uploads\/2021\/05\/New-Tire-Label.jpg","datePublished":"2021-01-04T13:07:44+00:00","dateModified":"2021-06-03T11:47:28+00:00","breadcrumb":{"@id":"https:\/\/hifly-tires.com\/fr\/etiquette-pneumatique\/#breadcrumb"},"inLanguage":"fr-FR","potentialAction":[{"@type":"ReadAction","target":["https:\/\/hifly-tires.com\/fr\/etiquette-pneumatique\/"]}]},{"@type":"ImageObject","inLanguage":"fr-FR","@id":"https:\/\/hifly-tires.com\/fr\/etiquette-pneumatique\/#primaryimage","url":"https:\/\/hifly-tires.com\/wp-content\/uploads\/2021\/05\/New-Tire-Label.jpg","contentUrl":"https:\/\/hifly-tires.com\/wp-content\/uploads\/2021\/05\/New-Tire-Label.jpg"},{"@type":"BreadcrumbList","@id":"https:\/\/hifly-tires.com\/fr\/etiquette-pneumatique\/#breadcrumb","itemListElement":[{"@type":"ListItem","position":1,"name":"Home","item":"https:\/\/hifly-tires.com\/fr\/"},{"@type":"ListItem","position":2,"name":"\u00c9tiquette-pneumatique"}]},{"@type":"WebSite","@id":"https:\/\/hifly-tires.com\/it\/#website","url":"https:\/\/hifly-tires.com\/it\/","name":"Hifly","description":"A tyre you can trust","potentialAction":[{"@type":"SearchAction","target":{"@type":"EntryPoint","urlTemplate":"https:\/\/hifly-tires.com\/it\/?s={search_term_string}"},"query-input":{"@type":"PropertyValueSpecification","valueRequired":true,"valueName":"search_term_string"}}],"inLanguage":"fr-FR"}]}},"_links":{"self":[{"href":"https:\/\/hifly-tires.com\/fr\/wp-json\/wp\/v2\/pages\/1025","targetHints":{"allow":["GET"]}}],"collection":[{"href":"https:\/\/hifly-tires.com\/fr\/wp-json\/wp\/v2\/pages"}],"about":[{"href":"https:\/\/hifly-tires.com\/fr\/wp-json\/wp\/v2\/types\/page"}],"author":[{"embeddable":true,"href":"https:\/\/hifly-tires.com\/fr\/wp-json\/wp\/v2\/users\/5"}],"replies":[{"embeddable":true,"href":"https:\/\/hifly-tires.com\/fr\/wp-json\/wp\/v2\/comments?post=1025"}],"version-history":[{"count":8,"href":"https:\/\/hifly-tires.com\/fr\/wp-json\/wp\/v2\/pages\/1025\/revisions"}],"predecessor-version":[{"id":1829,"href":"https:\/\/hifly-tires.com\/fr\/wp-json\/wp\/v2\/pages\/1025\/revisions\/1829"}],"wp:attachment":[{"href":"https:\/\/hifly-tires.com\/fr\/wp-json\/wp\/v2\/media?parent=1025"}],"curies":[{"name":"wp","href":"https:\/\/api.w.org\/{rel}","templated":true}]}}