{"id":375,"date":"2020-10-07T06:42:37","date_gmt":"2020-10-07T06:42:37","guid":{"rendered":"https:\/\/hifly-tires.com\/hifly-banden\/"},"modified":"2022-01-24T10:46:07","modified_gmt":"2022-01-24T10:46:07","slug":"hifly-banden","status":"publish","type":"page","link":"https:\/\/hifly-tires.com\/es\/","title":{"rendered":"Hifly neum\u00e1ticos"},"content":{"rendered":"\n<h3 class=\"has-text-align-center wp-block-heading\"><strong>Un neum\u00e1tico en el que puedes confiar. Todas las temporadas.<\/strong><\/h3>\n\n\n\n<p class=\"has-text-align-center\">\u00bfBusca neum\u00e1ticos de verano, invierno o para todas las estaciones seguros y econ\u00f3micos? Hifly los tiene. Neum\u00e1ticos modernos para todo tipo de veh\u00edculos: turismos, SUV, 4&#215;4, furgonetas, caravanas y camiones. Puede elegir entre m\u00e1s de 450 \u200b\u200bmedidas. Y se garantiza una excelente relaci\u00f3n calidad-precio.<\/p>\n\n\n\n<p class=\"has-text-align-center\">Detr\u00e1s de Hifly existe un fabricante l\u00edder de neum\u00e1ticos con est\u00e1ndares de alta calidad. Desde hace m\u00e1s de 12 a\u00f1os, se han montado con \u00e9xito millones de neum\u00e1ticos Hifly en toda Europa.<\/p>\n","protected":false},"excerpt":{"rendered":"<p>Un neum\u00e1tico en el que puedes confiar. Todas las temporadas. \u00bfBusca neum\u00e1ticos de verano, invierno o para todas las estaciones [&hellip;]<\/p>\n","protected":false},"author":5,"featured_media":0,"parent":0,"menu_order":0,"comment_status":"closed","ping_status":"closed","template":"home.php","meta":{"_acf_changed":false,"footnotes":""},"class_list":["post-375","page","type-page","status-publish","hentry"],"acf":[],"yoast_head":"<!-- This site is optimized with the Yoast SEO plugin v27.2 - https:\/\/yoast.com\/product\/yoast-seo-wordpress\/ -->\n<title>Hifly neum\u00e1ticos - Hifly<\/title>\n<meta name=\"robots\" content=\"index, follow, max-snippet:-1, max-image-preview:large, max-video-preview:-1\" \/>\n<link rel=\"canonical\" href=\"https:\/\/hifly-tires.com\/es\/\" \/>\n<meta property=\"og:locale\" content=\"es_ES\" \/>\n<meta property=\"og:type\" content=\"article\" \/>\n<meta property=\"og:title\" content=\"Hifly neum\u00e1ticos - Hifly\" \/>\n<meta property=\"og:description\" content=\"Un neum\u00e1tico en el que puedes confiar. Todas las temporadas. \u00bfBusca neum\u00e1ticos de verano, invierno o para todas las estaciones [&hellip;]\" \/>\n<meta property=\"og:url\" content=\"https:\/\/hifly-tires.com\/es\/\" \/>\n<meta property=\"og:site_name\" content=\"Hifly\" \/>\n<meta property=\"article:modified_time\" content=\"2022-01-24T10:46:07+00:00\" \/>\n<meta name=\"twitter:card\" content=\"summary_large_image\" \/>\n<meta name=\"twitter:label1\" content=\"Tiempo de lectura\" \/>\n\t<meta name=\"twitter:data1\" content=\"1 minuto\" \/>\n<script type=\"application\/ld+json\" class=\"yoast-schema-graph\">{\"@context\":\"https:\/\/schema.org\",\"@graph\":[{\"@type\":\"WebPage\",\"@id\":\"https:\/\/hifly-tires.com\/es\/\",\"url\":\"https:\/\/hifly-tires.com\/es\/\",\"name\":\"Hifly neum\u00e1ticos - Hifly\",\"isPartOf\":{\"@id\":\"https:\/\/hifly-tires.com\/it\/#website\"},\"datePublished\":\"2020-10-07T06:42:37+00:00\",\"dateModified\":\"2022-01-24T10:46:07+00:00\",\"breadcrumb\":{\"@id\":\"https:\/\/hifly-tires.com\/es\/#breadcrumb\"},\"inLanguage\":\"es\",\"potentialAction\":[{\"@type\":\"ReadAction\",\"target\":[\"https:\/\/hifly-tires.com\/es\/\"]}]},{\"@type\":\"BreadcrumbList\",\"@id\":\"https:\/\/hifly-tires.com\/es\/#breadcrumb\",\"itemListElement\":[{\"@type\":\"ListItem\",\"position\":1,\"name\":\"Home\",\"item\":\"https:\/\/hifly-tires.com\/es\/\"},{\"@type\":\"ListItem\",\"position\":2,\"name\":\"Hifly neum\u00e1ticos\"}]},{\"@type\":\"WebSite\",\"@id\":\"https:\/\/hifly-tires.com\/it\/#website\",\"url\":\"https:\/\/hifly-tires.com\/it\/\",\"name\":\"Hifly\",\"description\":\"A tyre you can trust\",\"potentialAction\":[{\"@type\":\"SearchAction\",\"target\":{\"@type\":\"EntryPoint\",\"urlTemplate\":\"https:\/\/hifly-tires.com\/it\/?s={search_term_string}\"},\"query-input\":{\"@type\":\"PropertyValueSpecification\",\"valueRequired\":true,\"valueName\":\"search_term_string\"}}],\"inLanguage\":\"es\"}]}<\/script>\n<!-- \/ Yoast SEO plugin. -->","yoast_head_json":{"title":"Hifly neum\u00e1ticos - Hifly","robots":{"index":"index","follow":"follow","max-snippet":"max-snippet:-1","max-image-preview":"max-image-preview:large","max-video-preview":"max-video-preview:-1"},"canonical":"https:\/\/hifly-tires.com\/es\/","og_locale":"es_ES","og_type":"article","og_title":"Hifly neum\u00e1ticos - Hifly","og_description":"Un neum\u00e1tico en el que puedes confiar. Todas las temporadas. \u00bfBusca neum\u00e1ticos de verano, invierno o para todas las estaciones [&hellip;]","og_url":"https:\/\/hifly-tires.com\/es\/","og_site_name":"Hifly","article_modified_time":"2022-01-24T10:46:07+00:00","twitter_card":"summary_large_image","twitter_misc":{"Tiempo de lectura":"1 minuto"},"schema":{"@context":"https:\/\/schema.org","@graph":[{"@type":"WebPage","@id":"https:\/\/hifly-tires.com\/es\/","url":"https:\/\/hifly-tires.com\/es\/","name":"Hifly neum\u00e1ticos - Hifly","isPartOf":{"@id":"https:\/\/hifly-tires.com\/it\/#website"},"datePublished":"2020-10-07T06:42:37+00:00","dateModified":"2022-01-24T10:46:07+00:00","breadcrumb":{"@id":"https:\/\/hifly-tires.com\/es\/#breadcrumb"},"inLanguage":"es","potentialAction":[{"@type":"ReadAction","target":["https:\/\/hifly-tires.com\/es\/"]}]},{"@type":"BreadcrumbList","@id":"https:\/\/hifly-tires.com\/es\/#breadcrumb","itemListElement":[{"@type":"ListItem","position":1,"name":"Home","item":"https:\/\/hifly-tires.com\/es\/"},{"@type":"ListItem","position":2,"name":"Hifly neum\u00e1ticos"}]},{"@type":"WebSite","@id":"https:\/\/hifly-tires.com\/it\/#website","url":"https:\/\/hifly-tires.com\/it\/","name":"Hifly","description":"A tyre you can trust","potentialAction":[{"@type":"SearchAction","target":{"@type":"EntryPoint","urlTemplate":"https:\/\/hifly-tires.com\/it\/?s={search_term_string}"},"query-input":{"@type":"PropertyValueSpecification","valueRequired":true,"valueName":"search_term_string"}}],"inLanguage":"es"}]}},"_links":{"self":[{"href":"https:\/\/hifly-tires.com\/es\/wp-json\/wp\/v2\/pages\/375","targetHints":{"allow":["GET"]}}],"collection":[{"href":"https:\/\/hifly-tires.com\/es\/wp-json\/wp\/v2\/pages"}],"about":[{"href":"https:\/\/hifly-tires.com\/es\/wp-json\/wp\/v2\/types\/page"}],"author":[{"embeddable":true,"href":"https:\/\/hifly-tires.com\/es\/wp-json\/wp\/v2\/users\/5"}],"replies":[{"embeddable":true,"href":"https:\/\/hifly-tires.com\/es\/wp-json\/wp\/v2\/comments?post=375"}],"version-history":[{"count":4,"href":"https:\/\/hifly-tires.com\/es\/wp-json\/wp\/v2\/pages\/375\/revisions"}],"predecessor-version":[{"id":2865,"href":"https:\/\/hifly-tires.com\/es\/wp-json\/wp\/v2\/pages\/375\/revisions\/2865"}],"wp:attachment":[{"href":"https:\/\/hifly-tires.com\/es\/wp-json\/wp\/v2\/media?parent=375"}],"curies":[{"name":"wp","href":"https:\/\/api.w.org\/{rel}","templated":true}]}}