{"id":147,"date":"2020-10-08T11:16:18","date_gmt":"2020-10-08T11:16:18","guid":{"rendered":"https:\/\/hifly-tires.com\/over-hifly\/"},"modified":"2022-02-01T13:19:45","modified_gmt":"2022-02-01T13:19:45","slug":"acerca-del-hifly","status":"publish","type":"page","link":"https:\/\/hifly-tires.com\/es\/acerca-del-hifly\/","title":{"rendered":"Acerca del Hifly"},"content":{"rendered":"\n<h2 class=\"wp-block-heading\"><strong>Que tenemos para ofrecerle:<\/strong><\/h2>\n\n\n\n<ul class=\"wp-block-list\"><li>Neum\u00e1ticos de verano, invierno* y todas las estaciones* seguros y econ\u00f3micos<\/li><li>Apto para todo tipo de veh\u00edculos<br><em><a href=\"\/es\/veh\u00edculo\/automoviles-de-pasajeros\/\">Turismos<\/a>, <a href=\"\/es\/veh\u00edculo\/suv-4x4-es\/\">SUV, 4&#215;4<\/a>, <a href=\"\/es\/veh\u00edculo\/furgonetas-de-reparto\/\">furgonetas, caravanas y camiones<\/a><\/em><\/li><li>M\u00e1s de 450 \u200b\u200bmedidas disponibles: desde la llanta 10 hasta la 22<\/li><li>Excelente relaci\u00f3n calidad-precio<\/li><\/ul>\n\n\n\n<p><em>* Los neum\u00e1ticos invierno y all season est\u00e1n marcados con el s\u00edmbolo 3PMSF. Esto significa que est\u00e1n oficialmente reconocidos como neum\u00e1ticos de invierno. Tambi\u00e9n en \u00e1reas de deportes de invierno.<\/em><\/p>\n\n\n\n<h2 class=\"wp-block-heading\"><strong>Calidad probada<\/strong><\/h2>\n\n\n\n<p>Desde hace m\u00e1s de 12 a\u00f1os, se han montado con \u00e9xito millones de neum\u00e1ticos Hifly en toda Europa<\/p>\n\n\n\n<p>La gama de Hifly se actualiza y complementa continuamente para satisfacer el cambio constante en la demanda de neum\u00e1ticos. Si bien se introducen en el mercado nuevos tipos de autom\u00f3viles, tambi\u00e9n se desarrollan nuevas medidas de equipo original. Hifly puede ofrecerle el neum\u00e1tico adecuado en cada temporada y en muchos tama\u00f1os.<\/p>\n\n\n\n<h2 class=\"wp-block-heading\"><strong>Fabricante profesional<\/strong><\/h2>\n\n\n\n<p>Nuestros neum\u00e1ticos son producidos por uno de los principales fabricantes de neum\u00e1ticos de China: Shandong Hengfeng Rubber &amp; Plastic Co, que fue fundada en 1995. Contamos con un equipo de I + D experimentado e instalaciones de pruebas avanzadas. Esto asegura la calidad y la fiabilidad de los neum\u00e1ticos.<\/p>\n\n\n\n<p>P\u00f3ngase en contacto con nosotros a trav\u00e9s de <a href=\"mailto:info@hiflybanden.nl\"><\/a><a href=\"mailto:info@hifly-tyres.com\">info@hifly-<\/a><a href=\"mailto:info@hiflybanden.nl\"><\/a><a href=\"mailto:info@hifly-tires.com\">tires.com<\/a><\/p>\n\n\n\n<h3 class=\"wp-block-heading\"><span style=\"color:#025fab\" class=\"has-inline-color\">\u00a1Hifly, seguros y econ\u00f3micos cada temporada!<\/span><\/h3>\n\n\n\n<p><\/p>\n","protected":false},"excerpt":{"rendered":"<p>Que tenemos para ofrecerle: Neum\u00e1ticos de verano, invierno* y todas las estaciones* seguros y econ\u00f3micos Apto para todo tipo de [&hellip;]<\/p>\n","protected":false},"author":5,"featured_media":0,"parent":0,"menu_order":0,"comment_status":"closed","ping_status":"closed","template":"","meta":{"_acf_changed":false,"footnotes":""},"class_list":["post-147","page","type-page","status-publish","hentry"],"acf":[],"yoast_head":"<!-- This site is optimized with the Yoast SEO plugin v27.2 - https:\/\/yoast.com\/product\/yoast-seo-wordpress\/ -->\n<title>Acerca del Hifly - Hifly<\/title>\n<meta name=\"robots\" content=\"index, follow, max-snippet:-1, max-image-preview:large, max-video-preview:-1\" \/>\n<link rel=\"canonical\" href=\"https:\/\/hifly-tires.com\/es\/acerca-del-hifly\/\" \/>\n<meta property=\"og:locale\" content=\"es_ES\" \/>\n<meta property=\"og:type\" content=\"article\" \/>\n<meta property=\"og:title\" content=\"Acerca del Hifly - Hifly\" \/>\n<meta property=\"og:description\" content=\"Que tenemos para ofrecerle: Neum\u00e1ticos de verano, invierno* y todas las estaciones* seguros y econ\u00f3micos Apto para todo tipo de [&hellip;]\" \/>\n<meta property=\"og:url\" content=\"https:\/\/hifly-tires.com\/es\/acerca-del-hifly\/\" \/>\n<meta property=\"og:site_name\" content=\"Hifly\" \/>\n<meta property=\"article:modified_time\" content=\"2022-02-01T13:19:45+00:00\" \/>\n<meta name=\"twitter:card\" content=\"summary_large_image\" \/>\n<meta name=\"twitter:label1\" content=\"Tiempo de lectura\" \/>\n\t<meta name=\"twitter:data1\" content=\"1 minuto\" \/>\n<script type=\"application\/ld+json\" class=\"yoast-schema-graph\">{\"@context\":\"https:\/\/schema.org\",\"@graph\":[{\"@type\":\"WebPage\",\"@id\":\"https:\/\/hifly-tires.com\/es\/acerca-del-hifly\/\",\"url\":\"https:\/\/hifly-tires.com\/es\/acerca-del-hifly\/\",\"name\":\"Acerca del Hifly - Hifly\",\"isPartOf\":{\"@id\":\"https:\/\/hifly-tires.com\/it\/#website\"},\"datePublished\":\"2020-10-08T11:16:18+00:00\",\"dateModified\":\"2022-02-01T13:19:45+00:00\",\"breadcrumb\":{\"@id\":\"https:\/\/hifly-tires.com\/es\/acerca-del-hifly\/#breadcrumb\"},\"inLanguage\":\"es\",\"potentialAction\":[{\"@type\":\"ReadAction\",\"target\":[\"https:\/\/hifly-tires.com\/es\/acerca-del-hifly\/\"]}]},{\"@type\":\"BreadcrumbList\",\"@id\":\"https:\/\/hifly-tires.com\/es\/acerca-del-hifly\/#breadcrumb\",\"itemListElement\":[{\"@type\":\"ListItem\",\"position\":1,\"name\":\"Home\",\"item\":\"https:\/\/hifly-tires.com\/es\/\"},{\"@type\":\"ListItem\",\"position\":2,\"name\":\"Acerca del Hifly\"}]},{\"@type\":\"WebSite\",\"@id\":\"https:\/\/hifly-tires.com\/it\/#website\",\"url\":\"https:\/\/hifly-tires.com\/it\/\",\"name\":\"Hifly\",\"description\":\"A tyre you can trust\",\"potentialAction\":[{\"@type\":\"SearchAction\",\"target\":{\"@type\":\"EntryPoint\",\"urlTemplate\":\"https:\/\/hifly-tires.com\/it\/?s={search_term_string}\"},\"query-input\":{\"@type\":\"PropertyValueSpecification\",\"valueRequired\":true,\"valueName\":\"search_term_string\"}}],\"inLanguage\":\"es\"}]}<\/script>\n<!-- \/ Yoast SEO plugin. -->","yoast_head_json":{"title":"Acerca del Hifly - Hifly","robots":{"index":"index","follow":"follow","max-snippet":"max-snippet:-1","max-image-preview":"max-image-preview:large","max-video-preview":"max-video-preview:-1"},"canonical":"https:\/\/hifly-tires.com\/es\/acerca-del-hifly\/","og_locale":"es_ES","og_type":"article","og_title":"Acerca del Hifly - Hifly","og_description":"Que tenemos para ofrecerle: Neum\u00e1ticos de verano, invierno* y todas las estaciones* seguros y econ\u00f3micos Apto para todo tipo de [&hellip;]","og_url":"https:\/\/hifly-tires.com\/es\/acerca-del-hifly\/","og_site_name":"Hifly","article_modified_time":"2022-02-01T13:19:45+00:00","twitter_card":"summary_large_image","twitter_misc":{"Tiempo de lectura":"1 minuto"},"schema":{"@context":"https:\/\/schema.org","@graph":[{"@type":"WebPage","@id":"https:\/\/hifly-tires.com\/es\/acerca-del-hifly\/","url":"https:\/\/hifly-tires.com\/es\/acerca-del-hifly\/","name":"Acerca del Hifly - Hifly","isPartOf":{"@id":"https:\/\/hifly-tires.com\/it\/#website"},"datePublished":"2020-10-08T11:16:18+00:00","dateModified":"2022-02-01T13:19:45+00:00","breadcrumb":{"@id":"https:\/\/hifly-tires.com\/es\/acerca-del-hifly\/#breadcrumb"},"inLanguage":"es","potentialAction":[{"@type":"ReadAction","target":["https:\/\/hifly-tires.com\/es\/acerca-del-hifly\/"]}]},{"@type":"BreadcrumbList","@id":"https:\/\/hifly-tires.com\/es\/acerca-del-hifly\/#breadcrumb","itemListElement":[{"@type":"ListItem","position":1,"name":"Home","item":"https:\/\/hifly-tires.com\/es\/"},{"@type":"ListItem","position":2,"name":"Acerca del Hifly"}]},{"@type":"WebSite","@id":"https:\/\/hifly-tires.com\/it\/#website","url":"https:\/\/hifly-tires.com\/it\/","name":"Hifly","description":"A tyre you can trust","potentialAction":[{"@type":"SearchAction","target":{"@type":"EntryPoint","urlTemplate":"https:\/\/hifly-tires.com\/it\/?s={search_term_string}"},"query-input":{"@type":"PropertyValueSpecification","valueRequired":true,"valueName":"search_term_string"}}],"inLanguage":"es"}]}},"_links":{"self":[{"href":"https:\/\/hifly-tires.com\/es\/wp-json\/wp\/v2\/pages\/147","targetHints":{"allow":["GET"]}}],"collection":[{"href":"https:\/\/hifly-tires.com\/es\/wp-json\/wp\/v2\/pages"}],"about":[{"href":"https:\/\/hifly-tires.com\/es\/wp-json\/wp\/v2\/types\/page"}],"author":[{"embeddable":true,"href":"https:\/\/hifly-tires.com\/es\/wp-json\/wp\/v2\/users\/5"}],"replies":[{"embeddable":true,"href":"https:\/\/hifly-tires.com\/es\/wp-json\/wp\/v2\/comments?post=147"}],"version-history":[{"count":15,"href":"https:\/\/hifly-tires.com\/es\/wp-json\/wp\/v2\/pages\/147\/revisions"}],"predecessor-version":[{"id":2087,"href":"https:\/\/hifly-tires.com\/es\/wp-json\/wp\/v2\/pages\/147\/revisions\/2087"}],"wp:attachment":[{"href":"https:\/\/hifly-tires.com\/es\/wp-json\/wp\/v2\/media?parent=147"}],"curies":[{"name":"wp","href":"https:\/\/api.w.org\/{rel}","templated":true}]}}