{"id":1031,"date":"2021-01-04T13:07:44","date_gmt":"2021-01-04T13:07:44","guid":{"rendered":"https:\/\/hifly-tires.com\/what-is-a-tyre-label\/"},"modified":"2021-06-03T12:02:01","modified_gmt":"2021-06-03T12:02:01","slug":"etiquetado-para-neumaticos","status":"publish","type":"page","link":"https:\/\/hifly-tires.com\/es\/etiquetado-para-neumaticos\/","title":{"rendered":"ETIQUETADO PARA NEUM\u00c1TICOS"},"content":{"rendered":"\n<div class=\"wp-block-image\"><figure class=\"alignleft size-large\"><img loading=\"lazy\" decoding=\"async\" width=\"206\" height=\"293\" src=\"https:\/\/hifly-tires.com\/wp-content\/uploads\/2021\/05\/New-Tire-Label.jpg\" alt=\"\" class=\"wp-image-1653\" srcset=\"https:\/\/hifly-tires.com\/wp-content\/uploads\/2021\/05\/New-Tire-Label.jpg 206w, https:\/\/hifly-tires.com\/wp-content\/uploads\/2021\/05\/New-Tire-Label-105x150.jpg 105w\" sizes=\"auto, (max-width: 206px) 100vw, 206px\" \/><\/figure><\/div>\n\n\n\n<p>A partir del 01\/05\/2021, la etiqueta europea de los neum\u00e1ticos ha cambiado significativamente sobre la base de regulaciones europeas actualizadas y de car\u00e1cter m\u00e1s estricto (<a href=\"https:\/\/eur-lex.europa.eu\/legal-content\/EN\/ALL\/?uri=CELEX%3A32020R0740\">Reglamento (UE) 2020\/740<\/a>). Esta nueva etiqueta europea de neum\u00e1ticos se aplica a los neum\u00e1ticos para turismos (C1), para camiones ligeros (C2) y para camiones pesados (C3).<\/p>\n\n\n\n<p>La nueva etiqueta europea obligatoria para neum\u00e1ticos debe mostrarse en el neum\u00e1tico o en el punto de venta de todos los neum\u00e1ticos C1, C2 y C3 producidos a partir del 1 de mayo del 2021. La etiqueta mostrar\u00e1 la eficiencia, el respeto al medioambiente y la seguridad del neum\u00e1tico. Tambi\u00e9n indica el rendimiento de los neum\u00e1ticos dise\u00f1ados espec\u00edficamente para su uso en condiciones severas de nieve y hielo. La etiqueta de los neum\u00e1ticos permite comparar neum\u00e1ticos y persigue el objetivo de fomentar el uso de neum\u00e1ticos m\u00e1s seguros, eficientes y silenciosos.<\/p>\n\n\n\n<p>Sin embargo, la etiqueta solo enumera 5 criterios de rendimiento cuando en realidad existen 50 para evaluar la calidad de los neum\u00e1ticos. Por ejemplo: resistencia al desgaste (kilometraje), frenado en seco, tracci\u00f3n en nieve, agarre lateral en hielo, ruido del veh\u00edculo, maniobrabilidad y aquaplaning.<\/p>\n\n\n\n<h2 class=\"wp-block-heading\">INFORMACI\u00d3N DE LA ETIQUETA DE LOS CINCO CRITERIOS DE RENDIMIENTO<\/h2>\n\n\n\n<p>La etiqueta del neum\u00e1tico proporciona un valor (clase) sobre los siguientes criterios:<\/p>\n\n\n\n<h3 class=\"wp-block-heading\"><strong>EFICIENCIA DEL COMBUSTIBLE<\/strong><\/h3>\n\n\n\n<div class=\"wp-block-image\"><figure class=\"alignleft size-large\"><img loading=\"lazy\" decoding=\"async\" width=\"142\" height=\"142\" src=\"https:\/\/hifly-tires.com\/wp-content\/uploads\/2021\/05\/Roll-5x5-1.png\" alt=\"\" class=\"wp-image-1701\"\/><\/figure><\/div>\n\n\n\n<p><em>5 clases de la A (m\u00e1s eficiente) a la E (menos eficiente).<\/em> El consumo de combustible del veh\u00edculo depende de factores como el tipo de motor, la velocidad, la superficie de la carretera, las condiciones clim\u00e1ticas, etc. La resistencia a la rodadura de los neum\u00e1ticos representa alrededor del 20 % del consumo de combustible. Cuanto menos consumo, menos costes de combustible y emisiones de CO2.<\/p>\n\n\n\n<p><\/p>\n\n\n\n<h3 class=\"wp-block-heading\"><strong>AGARRE EN SUPERFICIES MOJADAS<\/strong><\/h3>\n\n\n\n<div class=\"wp-block-image\"><figure class=\"alignleft size-large\"><img loading=\"lazy\" decoding=\"async\" width=\"142\" height=\"142\" src=\"https:\/\/hifly-tires.com\/wp-content\/uploads\/2021\/05\/Break-5x5-1.png\" alt=\"\" class=\"wp-image-1665\"\/><\/figure><\/div>\n\n\n\n<p><em>5 clases de la A (menor distancia de frenado) a la E (mayor distancia de frenado).<\/em> El rendimiento del agarre en superficies mojadas del neum\u00e1tico puede variar en funci\u00f3n del tipo de veh\u00edculo, las condiciones clim\u00e1ticas y el dibujo de la banda de rodadura, entre otros factores. Un buen agarre es importante para la seguridad.<\/p>\n\n\n\n<p><\/p>\n\n\n\n<h3 class=\"wp-block-heading\"><strong><strong>RUIDO DE RODAMIENTO EXTERNO<\/strong><\/strong><\/h3>\n\n\n\n<div class=\"wp-block-image\"><figure class=\"alignleft size-large\"><img loading=\"lazy\" decoding=\"async\" width=\"142\" height=\"142\" src=\"https:\/\/hifly-tires.com\/wp-content\/uploads\/2021\/05\/noise-5x5-1.png\" alt=\"\" class=\"wp-image-1689\"\/><\/figure><\/div>\n\n\n\n<p><em>3 clases de ruido de rodadura externo con el valor medido en dB.<\/em> El ruido de rodadura externo es el ruido del tr\u00e1fico generado por el neum\u00e1tico. Adem\u00e1s del nivel de ruido en decibelios (dB), el pictograma tambi\u00e9n indica el nivel de ruido A, B o C.<\/p>\n\n\n\n<p><em>Nota: No existe ninguna vinculaci\u00f3n directa entre el ruido del neum\u00e1tico interno (dentro del veh\u00edculo) y el externo (fuera del veh\u00edculo).<\/em><\/p>\n\n\n\n<h3 class=\"wp-block-heading\"><strong>AGARRE EN NIEVE<\/strong><\/h3>\n\n\n\n<div class=\"wp-block-image\"><figure class=\"alignleft size-large\"><img loading=\"lazy\" decoding=\"async\" width=\"142\" height=\"142\" src=\"https:\/\/hifly-tires.com\/wp-content\/uploads\/2021\/05\/snow-5x5-1.png\" alt=\"\" class=\"wp-image-1713\"\/><\/figure><\/div>\n\n\n\n<p>Se considera que los neum\u00e1ticos marcados con el s\u00edmbolo de nieve cumplen con los valores m\u00ednimos del \u00edndice de agarre en la nieve como se especifica en el Reglamento n\u00fam. 117 de la CEPE y son adecuados para su uso en condiciones severas de nieve. El s\u00edmbolo de la nieve se puede encontrar en los neum\u00e1ticos de invierno y en muchos neum\u00e1ticos para todas las estaciones.<\/p>\n\n\n\n<p><\/p>\n\n\n\n<h3 class=\"wp-block-heading\"><strong><strong>AGARRE EN HIELO<\/strong><\/strong><\/h3>\n\n\n\n<div class=\"wp-block-image\"><figure class=\"alignleft size-large\"><img loading=\"lazy\" decoding=\"async\" width=\"142\" height=\"142\" src=\"https:\/\/hifly-tires.com\/wp-content\/uploads\/2021\/05\/ice-5x5-1.png\" alt=\"\" class=\"wp-image-1677\"\/><\/figure><\/div>\n\n\n\n<p>Los neum\u00e1ticos con el s\u00edmbolo de hielo satisfacen los valores m\u00ednimos relevantes del \u00edndice de agarre en hielo y son adecuados para su uso en condiciones de mucha nieve y hielo.<\/p>\n\n\n\n<p>En la actualidad, el s\u00edmbolo del hielo solo se puede encontrar en las etiquetas de los neum\u00e1ticos de turismos.<\/p>\n\n\n\n<p class=\"has-text-align-left\"><strong>Los neum\u00e1ticos con el pictograma de agarre en hielo<\/strong>\u00a0est\u00e1n dise\u00f1ados espec\u00edficamente para una superficie de carretera cubierta de hielo y nieve compacta. Estos neum\u00e1ticos solo deben usarse en condiciones clim\u00e1ticas muy severas (por ejemplo, temperaturas fr\u00edas). El uso de neum\u00e1ticos con agarre en hielo en condiciones clim\u00e1ticas menos severas (por ejemplo, condiciones h\u00famedas o temperaturas m\u00e1s c\u00e1lidas) podr\u00eda provocar un rendimiento sub\u00f3ptimo, en particular en t\u00e9rminos de agarre en superficies mojadas, maniobrabilidad y desgaste.<\/p>\n\n\n\n<p>La UE dispone de una base de datos europea de productos para el etiquetado energ\u00e9tico (EPREL). Los datos de los neum\u00e1ticos (etiquetas) en la base de datos se pueden consultar a partir del 1 de mayo del 2021. La nueva etiqueta del neum\u00e1tico tambi\u00e9n contendr\u00e1 un c\u00f3digo QR. Con \u00e9l, los datos de la hoja de informaci\u00f3n del producto estar\u00e1n disponibles p\u00fablicamente, como se menciona en el Anexo III del&nbsp;<a href=\"https:\/\/eur-lex.europa.eu\/legal-content\/EN\/ALL\/?uri=CELEX%3A32020R0740\">Reglamento (UE) 2020\/740<\/a>.<\/p>\n\n\n\n<p>Con respecto al mencionado&nbsp;<a href=\"https:\/\/eur-lex.europa.eu\/legal-content\/EN\/ALL\/?uri=CELEX%3A32020R0740\">Reglamento Europeo (UE) 2020\/740<\/a>, hacemos hincapi\u00e9 en que el comportamiento del conductor es el principal determinante del consumo de combustible y la seguridad vial, y en particular en que:<\/p>\n\n\n\n<ul class=\"wp-block-list\"><li>La conducci\u00f3n ecol\u00f3gicamente responsable puede reducir significativamente el consumo de combustible<\/li><li>La presi\u00f3n de los neum\u00e1ticos debe comprobarse peri\u00f3dicamente para optimizar la eficiencia del combustible y el agarre en superficies mojadas<\/li><li>Siempre se deben respetar estrictamente las siguientes distancias.<\/li><\/ul>\n\n\n\n<p><strong><strong>El presente Reglamento no se aplica a:<\/strong><\/strong><\/p>\n\n\n\n<ul class=\"wp-block-list\"><li>Los neum\u00e1ticos todoterreno profesionales;<\/li><li>Los neum\u00e1ticos dise\u00f1ados para ser montados exclusivamente en los veh\u00edculos matriculados por primera vez antes del 1 de octubre de 1990;<\/li><li>Los neum\u00e1ticos de repuesto de uso provisional de tipo T;<\/li><li>Los neum\u00e1ticos cuyo \u00edndice de velocidad sea inferior a 80 km\/h;<\/li><li>Los neum\u00e1ticos cuya llanta tenga un di\u00e1metro nominal inferior o igual a 254 mm, o igual o superior a 635 mm;<\/li><li>Los neum\u00e1ticos equipados con dispositivos adicionales para mejorar sus cualidades de tracci\u00f3n, como los neum\u00e1ticos con clavos;<\/li><li>Los neum\u00e1ticos dise\u00f1ados para su montaje en veh\u00edculos destinados exclusivamente a las carreras; h) los neum\u00e1ticos de segunda mano, salvo si son importados de un tercer pa\u00eds.<\/li><\/ul>\n\n\n\n<p>Fuente:&nbsp;<a href=\"https:\/\/eur-lex.europa.eu\/legal-content\/EN\/ALL\/?uri=CELEX%3A32020R0740\">Reglamento (UE) 2020\/740 del Parlamento Europeo y del Consejo Europeo<\/a><\/p>\n","protected":false},"excerpt":{"rendered":"<p>A partir del 01\/05\/2021, la etiqueta europea de los neum\u00e1ticos ha cambiado significativamente sobre la base de regulaciones europeas actualizadas [&hellip;]<\/p>\n","protected":false},"author":5,"featured_media":0,"parent":0,"menu_order":0,"comment_status":"closed","ping_status":"closed","template":"","meta":{"_acf_changed":false,"footnotes":""},"class_list":["post-1031","page","type-page","status-publish","hentry"],"acf":[],"yoast_head":"<!-- This site is optimized with the Yoast SEO plugin v27.2 - https:\/\/yoast.com\/product\/yoast-seo-wordpress\/ -->\n<title>ETIQUETADO PARA NEUM\u00c1TICOS - Hifly<\/title>\n<meta name=\"robots\" content=\"index, follow, max-snippet:-1, max-image-preview:large, max-video-preview:-1\" \/>\n<link rel=\"canonical\" href=\"https:\/\/hifly-tires.com\/es\/etiquetado-para-neumaticos\/\" \/>\n<meta property=\"og:locale\" content=\"es_ES\" \/>\n<meta property=\"og:type\" content=\"article\" \/>\n<meta property=\"og:title\" content=\"ETIQUETADO PARA NEUM\u00c1TICOS - Hifly\" \/>\n<meta property=\"og:description\" content=\"A partir del 01\/05\/2021, la etiqueta europea de los neum\u00e1ticos ha cambiado significativamente sobre la base de regulaciones europeas actualizadas [&hellip;]\" \/>\n<meta property=\"og:url\" content=\"https:\/\/hifly-tires.com\/es\/etiquetado-para-neumaticos\/\" \/>\n<meta property=\"og:site_name\" content=\"Hifly\" \/>\n<meta property=\"article:modified_time\" content=\"2021-06-03T12:02:01+00:00\" \/>\n<meta property=\"og:image\" content=\"https:\/\/hifly-tires.com\/wp-content\/uploads\/2021\/05\/New-Tire-Label.jpg\" \/>\n<meta name=\"twitter:card\" content=\"summary_large_image\" \/>\n<meta name=\"twitter:label1\" content=\"Tiempo de lectura\" \/>\n\t<meta name=\"twitter:data1\" content=\"6 minutos\" \/>\n<script type=\"application\/ld+json\" class=\"yoast-schema-graph\">{\"@context\":\"https:\/\/schema.org\",\"@graph\":[{\"@type\":\"WebPage\",\"@id\":\"https:\/\/hifly-tires.com\/es\/etiquetado-para-neumaticos\/\",\"url\":\"https:\/\/hifly-tires.com\/es\/etiquetado-para-neumaticos\/\",\"name\":\"ETIQUETADO PARA NEUM\u00c1TICOS - Hifly\",\"isPartOf\":{\"@id\":\"https:\/\/hifly-tires.com\/it\/#website\"},\"primaryImageOfPage\":{\"@id\":\"https:\/\/hifly-tires.com\/es\/etiquetado-para-neumaticos\/#primaryimage\"},\"image\":{\"@id\":\"https:\/\/hifly-tires.com\/es\/etiquetado-para-neumaticos\/#primaryimage\"},\"thumbnailUrl\":\"https:\/\/hifly-tires.com\/wp-content\/uploads\/2021\/05\/New-Tire-Label.jpg\",\"datePublished\":\"2021-01-04T13:07:44+00:00\",\"dateModified\":\"2021-06-03T12:02:01+00:00\",\"breadcrumb\":{\"@id\":\"https:\/\/hifly-tires.com\/es\/etiquetado-para-neumaticos\/#breadcrumb\"},\"inLanguage\":\"es\",\"potentialAction\":[{\"@type\":\"ReadAction\",\"target\":[\"https:\/\/hifly-tires.com\/es\/etiquetado-para-neumaticos\/\"]}]},{\"@type\":\"ImageObject\",\"inLanguage\":\"es\",\"@id\":\"https:\/\/hifly-tires.com\/es\/etiquetado-para-neumaticos\/#primaryimage\",\"url\":\"https:\/\/hifly-tires.com\/wp-content\/uploads\/2021\/05\/New-Tire-Label.jpg\",\"contentUrl\":\"https:\/\/hifly-tires.com\/wp-content\/uploads\/2021\/05\/New-Tire-Label.jpg\"},{\"@type\":\"BreadcrumbList\",\"@id\":\"https:\/\/hifly-tires.com\/es\/etiquetado-para-neumaticos\/#breadcrumb\",\"itemListElement\":[{\"@type\":\"ListItem\",\"position\":1,\"name\":\"Home\",\"item\":\"https:\/\/hifly-tires.com\/es\/\"},{\"@type\":\"ListItem\",\"position\":2,\"name\":\"ETIQUETADO PARA NEUM\u00c1TICOS\"}]},{\"@type\":\"WebSite\",\"@id\":\"https:\/\/hifly-tires.com\/it\/#website\",\"url\":\"https:\/\/hifly-tires.com\/it\/\",\"name\":\"Hifly\",\"description\":\"A tyre you can trust\",\"potentialAction\":[{\"@type\":\"SearchAction\",\"target\":{\"@type\":\"EntryPoint\",\"urlTemplate\":\"https:\/\/hifly-tires.com\/it\/?s={search_term_string}\"},\"query-input\":{\"@type\":\"PropertyValueSpecification\",\"valueRequired\":true,\"valueName\":\"search_term_string\"}}],\"inLanguage\":\"es\"}]}<\/script>\n<!-- \/ Yoast SEO plugin. -->","yoast_head_json":{"title":"ETIQUETADO PARA NEUM\u00c1TICOS - Hifly","robots":{"index":"index","follow":"follow","max-snippet":"max-snippet:-1","max-image-preview":"max-image-preview:large","max-video-preview":"max-video-preview:-1"},"canonical":"https:\/\/hifly-tires.com\/es\/etiquetado-para-neumaticos\/","og_locale":"es_ES","og_type":"article","og_title":"ETIQUETADO PARA NEUM\u00c1TICOS - Hifly","og_description":"A partir del 01\/05\/2021, la etiqueta europea de los neum\u00e1ticos ha cambiado significativamente sobre la base de regulaciones europeas actualizadas [&hellip;]","og_url":"https:\/\/hifly-tires.com\/es\/etiquetado-para-neumaticos\/","og_site_name":"Hifly","article_modified_time":"2021-06-03T12:02:01+00:00","og_image":[{"url":"https:\/\/hifly-tires.com\/wp-content\/uploads\/2021\/05\/New-Tire-Label.jpg","type":"","width":"","height":""}],"twitter_card":"summary_large_image","twitter_misc":{"Tiempo de lectura":"6 minutos"},"schema":{"@context":"https:\/\/schema.org","@graph":[{"@type":"WebPage","@id":"https:\/\/hifly-tires.com\/es\/etiquetado-para-neumaticos\/","url":"https:\/\/hifly-tires.com\/es\/etiquetado-para-neumaticos\/","name":"ETIQUETADO PARA NEUM\u00c1TICOS - Hifly","isPartOf":{"@id":"https:\/\/hifly-tires.com\/it\/#website"},"primaryImageOfPage":{"@id":"https:\/\/hifly-tires.com\/es\/etiquetado-para-neumaticos\/#primaryimage"},"image":{"@id":"https:\/\/hifly-tires.com\/es\/etiquetado-para-neumaticos\/#primaryimage"},"thumbnailUrl":"https:\/\/hifly-tires.com\/wp-content\/uploads\/2021\/05\/New-Tire-Label.jpg","datePublished":"2021-01-04T13:07:44+00:00","dateModified":"2021-06-03T12:02:01+00:00","breadcrumb":{"@id":"https:\/\/hifly-tires.com\/es\/etiquetado-para-neumaticos\/#breadcrumb"},"inLanguage":"es","potentialAction":[{"@type":"ReadAction","target":["https:\/\/hifly-tires.com\/es\/etiquetado-para-neumaticos\/"]}]},{"@type":"ImageObject","inLanguage":"es","@id":"https:\/\/hifly-tires.com\/es\/etiquetado-para-neumaticos\/#primaryimage","url":"https:\/\/hifly-tires.com\/wp-content\/uploads\/2021\/05\/New-Tire-Label.jpg","contentUrl":"https:\/\/hifly-tires.com\/wp-content\/uploads\/2021\/05\/New-Tire-Label.jpg"},{"@type":"BreadcrumbList","@id":"https:\/\/hifly-tires.com\/es\/etiquetado-para-neumaticos\/#breadcrumb","itemListElement":[{"@type":"ListItem","position":1,"name":"Home","item":"https:\/\/hifly-tires.com\/es\/"},{"@type":"ListItem","position":2,"name":"ETIQUETADO PARA NEUM\u00c1TICOS"}]},{"@type":"WebSite","@id":"https:\/\/hifly-tires.com\/it\/#website","url":"https:\/\/hifly-tires.com\/it\/","name":"Hifly","description":"A tyre you can trust","potentialAction":[{"@type":"SearchAction","target":{"@type":"EntryPoint","urlTemplate":"https:\/\/hifly-tires.com\/it\/?s={search_term_string}"},"query-input":{"@type":"PropertyValueSpecification","valueRequired":true,"valueName":"search_term_string"}}],"inLanguage":"es"}]}},"_links":{"self":[{"href":"https:\/\/hifly-tires.com\/es\/wp-json\/wp\/v2\/pages\/1031","targetHints":{"allow":["GET"]}}],"collection":[{"href":"https:\/\/hifly-tires.com\/es\/wp-json\/wp\/v2\/pages"}],"about":[{"href":"https:\/\/hifly-tires.com\/es\/wp-json\/wp\/v2\/types\/page"}],"author":[{"embeddable":true,"href":"https:\/\/hifly-tires.com\/es\/wp-json\/wp\/v2\/users\/5"}],"replies":[{"embeddable":true,"href":"https:\/\/hifly-tires.com\/es\/wp-json\/wp\/v2\/comments?post=1031"}],"version-history":[{"count":4,"href":"https:\/\/hifly-tires.com\/es\/wp-json\/wp\/v2\/pages\/1031\/revisions"}],"predecessor-version":[{"id":1841,"href":"https:\/\/hifly-tires.com\/es\/wp-json\/wp\/v2\/pages\/1031\/revisions\/1841"}],"wp:attachment":[{"href":"https:\/\/hifly-tires.com\/es\/wp-json\/wp\/v2\/media?parent=1031"}],"curies":[{"name":"wp","href":"https:\/\/api.w.org\/{rel}","templated":true}]}}