{"id":909,"date":"2020-12-16T14:49:48","date_gmt":"2020-12-16T14:49:48","guid":{"rendered":"https:\/\/hifly-tires.com\/?page_id=909"},"modified":"2020-12-16T14:49:48","modified_gmt":"2020-12-16T14:49:48","slug":"haftungsausschluss","status":"publish","type":"page","link":"https:\/\/hifly-tires.com\/de\/haftungsausschluss\/","title":{"rendered":"Haftungsausschluss"},"content":{"rendered":"\n<p>Weder Hifly noch mit ihr verbundene (Rechts-)Personen sind f\u00fcr den Inhalt der Informationen auf dieser Website verantwortlich. Auf die redaktionelle Zusammenstellung und den Inhalt wird gr\u00f6\u00dfte Sorgfalt gelegt. Desungeachtet haften Hifly und mit ihr verbundene (Rechts-)Personen weder f\u00fcr deren Richtigkeit und Vollst\u00e4ndigkeit noch f\u00fcr mittelbare oder unmittelbare Folgen von auf dieser Grundlage erfolgenden Handlungen oder Unterlassungen. Alle auf dieser Website vorkommenden teksten, Abbildungen, Markennamen und Information von Hifly und mit ihr verbundenen (Rechts-)Personen sind urheberrechtlich und markenrechtlich gesch\u00fctzt und d\u00fcrfen ohne Einwilligung auf keine Weise genutzt werden.<\/p>\n","protected":false},"excerpt":{"rendered":"<p>Weder Hifly noch mit ihr verbundene (Rechts-)Personen sind f\u00fcr den Inhalt der Informationen auf dieser Website verantwortlich. Auf die redaktionelle [&hellip;]<\/p>\n","protected":false},"author":5,"featured_media":0,"parent":0,"menu_order":0,"comment_status":"closed","ping_status":"closed","template":"","meta":{"_acf_changed":false,"footnotes":""},"class_list":["post-909","page","type-page","status-publish","hentry"],"acf":[],"yoast_head":"<!-- This site is optimized with the Yoast SEO plugin v27.2 - https:\/\/yoast.com\/product\/yoast-seo-wordpress\/ -->\n<title>Haftungsausschluss - Hifly<\/title>\n<meta name=\"robots\" content=\"index, follow, max-snippet:-1, max-image-preview:large, max-video-preview:-1\" \/>\n<link rel=\"canonical\" href=\"https:\/\/hifly-tires.com\/de\/haftungsausschluss\/\" \/>\n<meta property=\"og:locale\" content=\"de_DE\" \/>\n<meta property=\"og:type\" content=\"article\" \/>\n<meta property=\"og:title\" content=\"Haftungsausschluss - Hifly\" \/>\n<meta property=\"og:description\" content=\"Weder Hifly noch mit ihr verbundene (Rechts-)Personen sind f\u00fcr den Inhalt der Informationen auf dieser Website verantwortlich. Auf die redaktionelle [&hellip;]\" \/>\n<meta property=\"og:url\" content=\"https:\/\/hifly-tires.com\/de\/haftungsausschluss\/\" \/>\n<meta property=\"og:site_name\" content=\"Hifly\" \/>\n<meta name=\"twitter:card\" content=\"summary_large_image\" \/>\n<script type=\"application\/ld+json\" class=\"yoast-schema-graph\">{\"@context\":\"https:\/\/schema.org\",\"@graph\":[{\"@type\":\"WebPage\",\"@id\":\"https:\/\/hifly-tires.com\/de\/haftungsausschluss\/\",\"url\":\"https:\/\/hifly-tires.com\/de\/haftungsausschluss\/\",\"name\":\"Haftungsausschluss - Hifly\",\"isPartOf\":{\"@id\":\"https:\/\/hifly-tires.com\/it\/#website\"},\"datePublished\":\"2020-12-16T14:49:48+00:00\",\"breadcrumb\":{\"@id\":\"https:\/\/hifly-tires.com\/de\/haftungsausschluss\/#breadcrumb\"},\"inLanguage\":\"de\",\"potentialAction\":[{\"@type\":\"ReadAction\",\"target\":[\"https:\/\/hifly-tires.com\/de\/haftungsausschluss\/\"]}]},{\"@type\":\"BreadcrumbList\",\"@id\":\"https:\/\/hifly-tires.com\/de\/haftungsausschluss\/#breadcrumb\",\"itemListElement\":[{\"@type\":\"ListItem\",\"position\":1,\"name\":\"Home\",\"item\":\"https:\/\/hifly-tires.com\/de\/\"},{\"@type\":\"ListItem\",\"position\":2,\"name\":\"Haftungsausschluss\"}]},{\"@type\":\"WebSite\",\"@id\":\"https:\/\/hifly-tires.com\/it\/#website\",\"url\":\"https:\/\/hifly-tires.com\/it\/\",\"name\":\"Hifly\",\"description\":\"A tyre you can trust\",\"potentialAction\":[{\"@type\":\"SearchAction\",\"target\":{\"@type\":\"EntryPoint\",\"urlTemplate\":\"https:\/\/hifly-tires.com\/it\/?s={search_term_string}\"},\"query-input\":{\"@type\":\"PropertyValueSpecification\",\"valueRequired\":true,\"valueName\":\"search_term_string\"}}],\"inLanguage\":\"de\"}]}<\/script>\n<!-- \/ Yoast SEO plugin. -->","yoast_head_json":{"title":"Haftungsausschluss - Hifly","robots":{"index":"index","follow":"follow","max-snippet":"max-snippet:-1","max-image-preview":"max-image-preview:large","max-video-preview":"max-video-preview:-1"},"canonical":"https:\/\/hifly-tires.com\/de\/haftungsausschluss\/","og_locale":"de_DE","og_type":"article","og_title":"Haftungsausschluss - Hifly","og_description":"Weder Hifly noch mit ihr verbundene (Rechts-)Personen sind f\u00fcr den Inhalt der Informationen auf dieser Website verantwortlich. Auf die redaktionelle [&hellip;]","og_url":"https:\/\/hifly-tires.com\/de\/haftungsausschluss\/","og_site_name":"Hifly","twitter_card":"summary_large_image","schema":{"@context":"https:\/\/schema.org","@graph":[{"@type":"WebPage","@id":"https:\/\/hifly-tires.com\/de\/haftungsausschluss\/","url":"https:\/\/hifly-tires.com\/de\/haftungsausschluss\/","name":"Haftungsausschluss - Hifly","isPartOf":{"@id":"https:\/\/hifly-tires.com\/it\/#website"},"datePublished":"2020-12-16T14:49:48+00:00","breadcrumb":{"@id":"https:\/\/hifly-tires.com\/de\/haftungsausschluss\/#breadcrumb"},"inLanguage":"de","potentialAction":[{"@type":"ReadAction","target":["https:\/\/hifly-tires.com\/de\/haftungsausschluss\/"]}]},{"@type":"BreadcrumbList","@id":"https:\/\/hifly-tires.com\/de\/haftungsausschluss\/#breadcrumb","itemListElement":[{"@type":"ListItem","position":1,"name":"Home","item":"https:\/\/hifly-tires.com\/de\/"},{"@type":"ListItem","position":2,"name":"Haftungsausschluss"}]},{"@type":"WebSite","@id":"https:\/\/hifly-tires.com\/it\/#website","url":"https:\/\/hifly-tires.com\/it\/","name":"Hifly","description":"A tyre you can trust","potentialAction":[{"@type":"SearchAction","target":{"@type":"EntryPoint","urlTemplate":"https:\/\/hifly-tires.com\/it\/?s={search_term_string}"},"query-input":{"@type":"PropertyValueSpecification","valueRequired":true,"valueName":"search_term_string"}}],"inLanguage":"de"}]}},"_links":{"self":[{"href":"https:\/\/hifly-tires.com\/de\/wp-json\/wp\/v2\/pages\/909","targetHints":{"allow":["GET"]}}],"collection":[{"href":"https:\/\/hifly-tires.com\/de\/wp-json\/wp\/v2\/pages"}],"about":[{"href":"https:\/\/hifly-tires.com\/de\/wp-json\/wp\/v2\/types\/page"}],"author":[{"embeddable":true,"href":"https:\/\/hifly-tires.com\/de\/wp-json\/wp\/v2\/users\/5"}],"replies":[{"embeddable":true,"href":"https:\/\/hifly-tires.com\/de\/wp-json\/wp\/v2\/comments?post=909"}],"version-history":[{"count":1,"href":"https:\/\/hifly-tires.com\/de\/wp-json\/wp\/v2\/pages\/909\/revisions"}],"predecessor-version":[{"id":911,"href":"https:\/\/hifly-tires.com\/de\/wp-json\/wp\/v2\/pages\/909\/revisions\/911"}],"wp:attachment":[{"href":"https:\/\/hifly-tires.com\/de\/wp-json\/wp\/v2\/media?parent=909"}],"curies":[{"name":"wp","href":"https:\/\/api.w.org\/{rel}","templated":true}]}}