{"id":371,"date":"2020-10-07T06:42:37","date_gmt":"2020-10-07T06:42:37","guid":{"rendered":"https:\/\/hifly-tires.com\/hifly-banden\/"},"modified":"2022-01-24T10:40:50","modified_gmt":"2022-01-24T10:40:50","slug":"hifly-banden","status":"publish","type":"page","link":"https:\/\/hifly-tires.com\/de\/","title":{"rendered":"Hifly reifen"},"content":{"rendered":"\n<h3 class=\"has-text-align-center wp-block-heading\"><strong>Ein Reifen, dem Sie vertrauen k\u00f6nnen. In jeder Jahreszeit.<\/strong><\/h3>\n\n\n\n<p class=\"has-text-align-center\">Sie suchen zuverl\u00e4ssige &amp; g\u00fcnstige Sommer-, Winter- oder Ganzjahresreifen? Hifly hat sie. Moderne Reifen f\u00fcr alle Arten von Fahrzeugen: PKWs, SUVs, 4x4s, Transporter, Caravans und Anh\u00e4nger. Sie haben eine Auswahl von \u00fcber 450 Gr\u00f6\u00dfen. Und ein hervorragendes Preis-Leistungs-Verh\u00e4ltnis ist garantiert.<\/p>\n\n\n\n<p class=\"has-text-align-center\">Hinter Hifly verbirgt sich ein f\u00fchrender Reifenhersteller mit hohem Qualit\u00e4tsanspruch. Bereits seit mehr als 12 Jahren werden Millionen von Hifly-Reifen erfolgreich in ganz Europa montiert.<\/p>\n","protected":false},"excerpt":{"rendered":"<p>Ein Reifen, dem Sie vertrauen k\u00f6nnen. In jeder Jahreszeit. Sie suchen zuverl\u00e4ssige &amp; g\u00fcnstige Sommer-, Winter- oder Ganzjahresreifen? Hifly hat [&hellip;]<\/p>\n","protected":false},"author":5,"featured_media":0,"parent":0,"menu_order":0,"comment_status":"closed","ping_status":"closed","template":"home.php","meta":{"_acf_changed":false,"footnotes":""},"class_list":["post-371","page","type-page","status-publish","hentry"],"acf":[],"yoast_head":"<!-- This site is optimized with the Yoast SEO plugin v27.4 - https:\/\/yoast.com\/product\/yoast-seo-wordpress\/ -->\n<title>Hifly reifen - Hifly<\/title>\n<meta name=\"robots\" content=\"index, follow, max-snippet:-1, max-image-preview:large, max-video-preview:-1\" \/>\n<link rel=\"canonical\" href=\"https:\/\/hifly-tires.com\/de\/\" \/>\n<meta property=\"og:locale\" content=\"de_DE\" \/>\n<meta property=\"og:type\" content=\"article\" \/>\n<meta property=\"og:title\" content=\"Hifly reifen - Hifly\" \/>\n<meta property=\"og:description\" content=\"Ein Reifen, dem Sie vertrauen k\u00f6nnen. In jeder Jahreszeit. Sie suchen zuverl\u00e4ssige &amp; g\u00fcnstige Sommer-, Winter- oder Ganzjahresreifen? Hifly hat [&hellip;]\" \/>\n<meta property=\"og:url\" content=\"https:\/\/hifly-tires.com\/de\/\" \/>\n<meta property=\"og:site_name\" content=\"Hifly\" \/>\n<meta property=\"article:modified_time\" content=\"2022-01-24T10:40:50+00:00\" \/>\n<meta name=\"twitter:card\" content=\"summary_large_image\" \/>\n<meta name=\"twitter:label1\" content=\"Gesch\u00e4tzte Lesezeit\" \/>\n\t<meta name=\"twitter:data1\" content=\"1\u00a0Minute\" \/>\n<script type=\"application\/ld+json\" class=\"yoast-schema-graph\">{\"@context\":\"https:\\\/\\\/schema.org\",\"@graph\":[{\"@type\":\"WebPage\",\"@id\":\"https:\\\/\\\/hifly-tires.com\\\/de\\\/\",\"url\":\"https:\\\/\\\/hifly-tires.com\\\/de\\\/\",\"name\":\"Hifly reifen - Hifly\",\"isPartOf\":{\"@id\":\"https:\\\/\\\/hifly-tires.com\\\/it\\\/#website\"},\"datePublished\":\"2020-10-07T06:42:37+00:00\",\"dateModified\":\"2022-01-24T10:40:50+00:00\",\"breadcrumb\":{\"@id\":\"https:\\\/\\\/hifly-tires.com\\\/de\\\/#breadcrumb\"},\"inLanguage\":\"de\",\"potentialAction\":[{\"@type\":\"ReadAction\",\"target\":[\"https:\\\/\\\/hifly-tires.com\\\/de\\\/\"]}]},{\"@type\":\"BreadcrumbList\",\"@id\":\"https:\\\/\\\/hifly-tires.com\\\/de\\\/#breadcrumb\",\"itemListElement\":[{\"@type\":\"ListItem\",\"position\":1,\"name\":\"Home\",\"item\":\"https:\\\/\\\/hifly-tires.com\\\/de\\\/\"},{\"@type\":\"ListItem\",\"position\":2,\"name\":\"Hifly reifen\"}]},{\"@type\":\"WebSite\",\"@id\":\"https:\\\/\\\/hifly-tires.com\\\/it\\\/#website\",\"url\":\"https:\\\/\\\/hifly-tires.com\\\/it\\\/\",\"name\":\"Hifly\",\"description\":\"A tyre you can trust\",\"potentialAction\":[{\"@type\":\"SearchAction\",\"target\":{\"@type\":\"EntryPoint\",\"urlTemplate\":\"https:\\\/\\\/hifly-tires.com\\\/it\\\/?s={search_term_string}\"},\"query-input\":{\"@type\":\"PropertyValueSpecification\",\"valueRequired\":true,\"valueName\":\"search_term_string\"}}],\"inLanguage\":\"de\"}]}<\/script>\n<!-- \/ Yoast SEO plugin. -->","yoast_head_json":{"title":"Hifly reifen - Hifly","robots":{"index":"index","follow":"follow","max-snippet":"max-snippet:-1","max-image-preview":"max-image-preview:large","max-video-preview":"max-video-preview:-1"},"canonical":"https:\/\/hifly-tires.com\/de\/","og_locale":"de_DE","og_type":"article","og_title":"Hifly reifen - Hifly","og_description":"Ein Reifen, dem Sie vertrauen k\u00f6nnen. In jeder Jahreszeit. Sie suchen zuverl\u00e4ssige &amp; g\u00fcnstige Sommer-, Winter- oder Ganzjahresreifen? Hifly hat [&hellip;]","og_url":"https:\/\/hifly-tires.com\/de\/","og_site_name":"Hifly","article_modified_time":"2022-01-24T10:40:50+00:00","twitter_card":"summary_large_image","twitter_misc":{"Gesch\u00e4tzte Lesezeit":"1\u00a0Minute"},"schema":{"@context":"https:\/\/schema.org","@graph":[{"@type":"WebPage","@id":"https:\/\/hifly-tires.com\/de\/","url":"https:\/\/hifly-tires.com\/de\/","name":"Hifly reifen - Hifly","isPartOf":{"@id":"https:\/\/hifly-tires.com\/it\/#website"},"datePublished":"2020-10-07T06:42:37+00:00","dateModified":"2022-01-24T10:40:50+00:00","breadcrumb":{"@id":"https:\/\/hifly-tires.com\/de\/#breadcrumb"},"inLanguage":"de","potentialAction":[{"@type":"ReadAction","target":["https:\/\/hifly-tires.com\/de\/"]}]},{"@type":"BreadcrumbList","@id":"https:\/\/hifly-tires.com\/de\/#breadcrumb","itemListElement":[{"@type":"ListItem","position":1,"name":"Home","item":"https:\/\/hifly-tires.com\/de\/"},{"@type":"ListItem","position":2,"name":"Hifly reifen"}]},{"@type":"WebSite","@id":"https:\/\/hifly-tires.com\/it\/#website","url":"https:\/\/hifly-tires.com\/it\/","name":"Hifly","description":"A tyre you can trust","potentialAction":[{"@type":"SearchAction","target":{"@type":"EntryPoint","urlTemplate":"https:\/\/hifly-tires.com\/it\/?s={search_term_string}"},"query-input":{"@type":"PropertyValueSpecification","valueRequired":true,"valueName":"search_term_string"}}],"inLanguage":"de"}]}},"_links":{"self":[{"href":"https:\/\/hifly-tires.com\/de\/wp-json\/wp\/v2\/pages\/371","targetHints":{"allow":["GET"]}}],"collection":[{"href":"https:\/\/hifly-tires.com\/de\/wp-json\/wp\/v2\/pages"}],"about":[{"href":"https:\/\/hifly-tires.com\/de\/wp-json\/wp\/v2\/types\/page"}],"author":[{"embeddable":true,"href":"https:\/\/hifly-tires.com\/de\/wp-json\/wp\/v2\/users\/5"}],"replies":[{"embeddable":true,"href":"https:\/\/hifly-tires.com\/de\/wp-json\/wp\/v2\/comments?post=371"}],"version-history":[{"count":3,"href":"https:\/\/hifly-tires.com\/de\/wp-json\/wp\/v2\/pages\/371\/revisions"}],"predecessor-version":[{"id":2043,"href":"https:\/\/hifly-tires.com\/de\/wp-json\/wp\/v2\/pages\/371\/revisions\/2043"}],"wp:attachment":[{"href":"https:\/\/hifly-tires.com\/de\/wp-json\/wp\/v2\/media?parent=371"}],"curies":[{"name":"wp","href":"https:\/\/api.w.org\/{rel}","templated":true}]}}