{"id":143,"date":"2020-10-08T11:16:18","date_gmt":"2020-10-08T11:16:18","guid":{"rendered":"https:\/\/hifly-tires.com\/over-hifly\/"},"modified":"2023-05-01T08:46:09","modified_gmt":"2023-05-01T08:46:09","slug":"uber-hifly","status":"publish","type":"page","link":"https:\/\/hifly-tires.com\/de\/uber-hifly\/","title":{"rendered":"\u00dcber Hifly"},"content":{"rendered":"\n<h2 class=\"wp-block-heading\"><strong>Was wir Ihnen zu bieten haben:<\/strong><\/h2>\n\n\n\n<ul class=\"wp-block-list\">\n<li>Zuverl\u00e4ssige &amp; g\u00fcnstige Sommer-, Winter-* und Ganzjahresreifen*<\/li>\n\n\n\n<li>Geeignet f\u00fcr alle Arten von Fahrzeugen<br><em><a href=\"\/de\/fahrzeug\/pkw-de\/\">PKWs<\/a>, <a href=\"\/de\/fahrzeug\/suv-4x4-de\/\">SUVs, 4x4s<\/a>, <a href=\"\/de\/fahrzeug\/lieferwagen\/\">Transporter, Wohnwagen und Anh\u00e4nger<\/a><\/em><\/li>\n\n\n\n<li>\u00dcber 450 Gr\u00f6\u00dfen verf\u00fcgbar &#8211; 10 bis 22 Zoll<\/li>\n\n\n\n<li>Ausgezeichnetes Preis-Leistungs-Verh\u00e4ltnis<\/li>\n<\/ul>\n\n\n\n<p><em>*Die Winter- und Ganzjahresreifen sind mit dem 3PMSF-Symbol gekennzeichnet. Das bedeutet, dass sie offiziell als Winterreifen anerkannt sind. Auch in Wintersportgebieten.<\/em><\/p>\n\n\n\n<h2 class=\"wp-block-heading\"><strong>Bew\u00e4hrte Qualit\u00e4t<\/strong><\/h2>\n\n\n\n<p>Seit mehr als 12 Jahren werden Millionen von Hifly-Reifen erfolgreich in ganz Europa montiert.<\/p>\n\n\n\n<p>Das Hifly-Sortiment wird st\u00e4ndig aktualisiert und erg\u00e4nzt, um der sich st\u00e4ndig \u00e4ndernden Reifennachfrage gerecht zu werden.&nbsp; W\u00e4hrend neue Fahrzeugtypen auf den Markt gebracht werden, werden auch neue OE-Gr\u00f6\u00dfen entwickelt. Hifly kann Ihnen zu jeder Jahreszeit und in vielen Bereichen den richtigen Reifen anbieten.<\/p>\n\n\n\n<h2 class=\"wp-block-heading\"><strong>Professioneller Hersteller<\/strong><\/h2>\n\n\n\n<p>Unsere Reifen werden in einer der f\u00fchrenden Reifenfabriken in China produziert. Shandong Hengfeng Rubber &amp; Plastic Co wurde 1995 gegr\u00fcndet. Wir haben ein erfahrenes F&amp;E-Team und fortschrittliche Testeinrichtungen. Dies gew\u00e4hrleistet die zuverl\u00e4ssige und stabile Qualit\u00e4t der Reifen.<\/p>\n\n\n\n<p>Nehmen Sie Kontakt mit uns auf \u00fcber <a href=\"mailto:info@hifly-tyres.com\">info@tyremotive.de<\/a>.<\/p>\n\n\n\n<h3 class=\"wp-block-heading\"><strong><span style=\"color:#025fab\" class=\"has-inline-color\">Hifly, zuverl\u00e4ssig &amp; bezahlbar in jeder Jahreszeit!<\/span><\/strong><\/h3>\n","protected":false},"excerpt":{"rendered":"<p>Was wir Ihnen zu bieten haben: *Die Winter- und Ganzjahresreifen sind mit dem 3PMSF-Symbol gekennzeichnet. Das bedeutet, dass sie offiziell [&hellip;]<\/p>\n","protected":false},"author":5,"featured_media":0,"parent":0,"menu_order":0,"comment_status":"closed","ping_status":"closed","template":"","meta":{"_acf_changed":false,"footnotes":""},"class_list":["post-143","page","type-page","status-publish","hentry"],"acf":[],"yoast_head":"<!-- This site is optimized with the Yoast SEO plugin v27.2 - https:\/\/yoast.com\/product\/yoast-seo-wordpress\/ -->\n<title>\u00dcber Hifly - Hifly<\/title>\n<meta name=\"robots\" content=\"index, follow, max-snippet:-1, max-image-preview:large, max-video-preview:-1\" \/>\n<link rel=\"canonical\" href=\"https:\/\/hifly-tires.com\/de\/uber-hifly\/\" \/>\n<meta property=\"og:locale\" content=\"de_DE\" \/>\n<meta property=\"og:type\" content=\"article\" \/>\n<meta property=\"og:title\" content=\"\u00dcber Hifly - Hifly\" \/>\n<meta property=\"og:description\" content=\"Was wir Ihnen zu bieten haben: *Die Winter- und Ganzjahresreifen sind mit dem 3PMSF-Symbol gekennzeichnet. Das bedeutet, dass sie offiziell [&hellip;]\" \/>\n<meta property=\"og:url\" content=\"https:\/\/hifly-tires.com\/de\/uber-hifly\/\" \/>\n<meta property=\"og:site_name\" content=\"Hifly\" \/>\n<meta property=\"article:modified_time\" content=\"2023-05-01T08:46:09+00:00\" \/>\n<meta name=\"twitter:card\" content=\"summary_large_image\" \/>\n<meta name=\"twitter:label1\" content=\"Gesch\u00e4tzte Lesezeit\" \/>\n\t<meta name=\"twitter:data1\" content=\"1\u00a0Minute\" \/>\n<script type=\"application\/ld+json\" class=\"yoast-schema-graph\">{\"@context\":\"https:\/\/schema.org\",\"@graph\":[{\"@type\":\"WebPage\",\"@id\":\"https:\/\/hifly-tires.com\/de\/uber-hifly\/\",\"url\":\"https:\/\/hifly-tires.com\/de\/uber-hifly\/\",\"name\":\"\u00dcber Hifly - Hifly\",\"isPartOf\":{\"@id\":\"https:\/\/hifly-tires.com\/it\/#website\"},\"datePublished\":\"2020-10-08T11:16:18+00:00\",\"dateModified\":\"2023-05-01T08:46:09+00:00\",\"breadcrumb\":{\"@id\":\"https:\/\/hifly-tires.com\/de\/uber-hifly\/#breadcrumb\"},\"inLanguage\":\"de\",\"potentialAction\":[{\"@type\":\"ReadAction\",\"target\":[\"https:\/\/hifly-tires.com\/de\/uber-hifly\/\"]}]},{\"@type\":\"BreadcrumbList\",\"@id\":\"https:\/\/hifly-tires.com\/de\/uber-hifly\/#breadcrumb\",\"itemListElement\":[{\"@type\":\"ListItem\",\"position\":1,\"name\":\"Home\",\"item\":\"https:\/\/hifly-tires.com\/de\/\"},{\"@type\":\"ListItem\",\"position\":2,\"name\":\"\u00dcber Hifly\"}]},{\"@type\":\"WebSite\",\"@id\":\"https:\/\/hifly-tires.com\/it\/#website\",\"url\":\"https:\/\/hifly-tires.com\/it\/\",\"name\":\"Hifly\",\"description\":\"A tyre you can trust\",\"potentialAction\":[{\"@type\":\"SearchAction\",\"target\":{\"@type\":\"EntryPoint\",\"urlTemplate\":\"https:\/\/hifly-tires.com\/it\/?s={search_term_string}\"},\"query-input\":{\"@type\":\"PropertyValueSpecification\",\"valueRequired\":true,\"valueName\":\"search_term_string\"}}],\"inLanguage\":\"de\"}]}<\/script>\n<!-- \/ Yoast SEO plugin. -->","yoast_head_json":{"title":"\u00dcber Hifly - Hifly","robots":{"index":"index","follow":"follow","max-snippet":"max-snippet:-1","max-image-preview":"max-image-preview:large","max-video-preview":"max-video-preview:-1"},"canonical":"https:\/\/hifly-tires.com\/de\/uber-hifly\/","og_locale":"de_DE","og_type":"article","og_title":"\u00dcber Hifly - Hifly","og_description":"Was wir Ihnen zu bieten haben: *Die Winter- und Ganzjahresreifen sind mit dem 3PMSF-Symbol gekennzeichnet. Das bedeutet, dass sie offiziell [&hellip;]","og_url":"https:\/\/hifly-tires.com\/de\/uber-hifly\/","og_site_name":"Hifly","article_modified_time":"2023-05-01T08:46:09+00:00","twitter_card":"summary_large_image","twitter_misc":{"Gesch\u00e4tzte Lesezeit":"1\u00a0Minute"},"schema":{"@context":"https:\/\/schema.org","@graph":[{"@type":"WebPage","@id":"https:\/\/hifly-tires.com\/de\/uber-hifly\/","url":"https:\/\/hifly-tires.com\/de\/uber-hifly\/","name":"\u00dcber Hifly - Hifly","isPartOf":{"@id":"https:\/\/hifly-tires.com\/it\/#website"},"datePublished":"2020-10-08T11:16:18+00:00","dateModified":"2023-05-01T08:46:09+00:00","breadcrumb":{"@id":"https:\/\/hifly-tires.com\/de\/uber-hifly\/#breadcrumb"},"inLanguage":"de","potentialAction":[{"@type":"ReadAction","target":["https:\/\/hifly-tires.com\/de\/uber-hifly\/"]}]},{"@type":"BreadcrumbList","@id":"https:\/\/hifly-tires.com\/de\/uber-hifly\/#breadcrumb","itemListElement":[{"@type":"ListItem","position":1,"name":"Home","item":"https:\/\/hifly-tires.com\/de\/"},{"@type":"ListItem","position":2,"name":"\u00dcber Hifly"}]},{"@type":"WebSite","@id":"https:\/\/hifly-tires.com\/it\/#website","url":"https:\/\/hifly-tires.com\/it\/","name":"Hifly","description":"A tyre you can trust","potentialAction":[{"@type":"SearchAction","target":{"@type":"EntryPoint","urlTemplate":"https:\/\/hifly-tires.com\/it\/?s={search_term_string}"},"query-input":{"@type":"PropertyValueSpecification","valueRequired":true,"valueName":"search_term_string"}}],"inLanguage":"de"}]}},"_links":{"self":[{"href":"https:\/\/hifly-tires.com\/de\/wp-json\/wp\/v2\/pages\/143","targetHints":{"allow":["GET"]}}],"collection":[{"href":"https:\/\/hifly-tires.com\/de\/wp-json\/wp\/v2\/pages"}],"about":[{"href":"https:\/\/hifly-tires.com\/de\/wp-json\/wp\/v2\/types\/page"}],"author":[{"embeddable":true,"href":"https:\/\/hifly-tires.com\/de\/wp-json\/wp\/v2\/users\/5"}],"replies":[{"embeddable":true,"href":"https:\/\/hifly-tires.com\/de\/wp-json\/wp\/v2\/comments?post=143"}],"version-history":[{"count":15,"href":"https:\/\/hifly-tires.com\/de\/wp-json\/wp\/v2\/pages\/143\/revisions"}],"predecessor-version":[{"id":2725,"href":"https:\/\/hifly-tires.com\/de\/wp-json\/wp\/v2\/pages\/143\/revisions\/2725"}],"wp:attachment":[{"href":"https:\/\/hifly-tires.com\/de\/wp-json\/wp\/v2\/media?parent=143"}],"curies":[{"name":"wp","href":"https:\/\/api.w.org\/{rel}","templated":true}]}}