{"id":1027,"date":"2021-01-04T13:07:44","date_gmt":"2021-01-04T13:07:44","guid":{"rendered":"https:\/\/hifly-tires.com\/what-is-a-tyre-label\/"},"modified":"2021-06-03T11:51:58","modified_gmt":"2021-06-03T11:51:58","slug":"die-reifenkennzeichnung","status":"publish","type":"page","link":"https:\/\/hifly-tires.com\/de\/die-reifenkennzeichnung\/","title":{"rendered":"Die Reifenkennzeichnung"},"content":{"rendered":"\n<div class=\"wp-block-image\"><figure class=\"alignleft size-large\"><img loading=\"lazy\" decoding=\"async\" width=\"206\" height=\"293\" src=\"https:\/\/hifly-tires.com\/wp-content\/uploads\/2021\/05\/New-Tire-Label.jpg\" alt=\"\" class=\"wp-image-1653\" srcset=\"https:\/\/hifly-tires.com\/wp-content\/uploads\/2021\/05\/New-Tire-Label.jpg 206w, https:\/\/hifly-tires.com\/wp-content\/uploads\/2021\/05\/New-Tire-Label-105x150.jpg 105w\" sizes=\"auto, (max-width: 206px) 100vw, 206px\" \/><\/figure><\/div>\n\n\n\n<p>Seit dem 01. Mai 2021 hat sich die europ\u00e4ische Reifenkennzeichnung auf Basis einer aktualisierten und strikteren EU-Regelung (<a href=\"https:\/\/eur-lex.europa.eu\/legal-content\/EN\/ALL\/?uri=CELEX%3A32020R0740\">Verordnung (EU) 2020\/740<\/a>) deutlich ver\u00e4ndert. Diese neue europ\u00e4ische Reifenkennzeichnung in Form eines Labels oder Aufklebers gilt f\u00fcr Pkw-Reifen (C1), Leicht-Lkw-Reifen (C2) und Schwer-Lkw-Reifen (C3).<\/p>\n\n\n\n<p>Das neue, vorgeschriebene europ\u00e4ische Reifenlabel muss auf dem Reifen oder am Verkaufsort aller C1-, C2- und C3-Reifen, die ab dem 1. Mai 2021 produziert werden, gezeigt werden. Diese neue Kennzeichnung gew\u00e4hrt Aufschluss \u00fcber die Kraftstoffeffizienz, Umweltfreundlichkeit und Sicherheit des Reifens. Sie gibt auch die Leistungsf\u00e4higkeit von Reifen an, die speziell f\u00fcr den Einsatz unter schweren Schnee- und Eisbedingungen entwickelt wurden. Diese Reifenkennzeichnung erm\u00f6glicht den Vergleich von Reifen und soll die Verwendung von sichereren, effizienteren und leiseren Reifen f\u00f6rdern.<\/p>\n\n\n\n<p>Auf dem Label mit der Reifenkennzeichnung sind jedoch nur 5 Leistungskriterien aufgef\u00fchrt, obwohl eigentlich 50 Leistungskriterien zur Beurteilung der Qualit\u00e4t eines Reifens herangezogen werden. Beispiel: Verschlei\u00dffestigkeit (Laufleistung), Trockenbremsleistung, Traktion auf Schnee, Seitenhaftung auf Eis, Fahrzeugger\u00e4usch, Handling und Aquaplaning.<\/p>\n\n\n\n<p><\/p>\n\n\n\n<h2 class=\"wp-block-heading\">DIE F\u00dcNF LEISTUNGSKRITERIEN DER REIFENKENNZEICHNUNG<\/h2>\n\n\n\n<p>Die Reifenkennzeichnung bzw. das -label gibt jeweils einen Wert (Klasse) f\u00fcr die folgenden f\u00fcnf Kriterien an:<\/p>\n\n\n\n<h3 class=\"wp-block-heading\"><strong>KRAFTSTOFFEFFIZIENZ<\/strong><\/h3>\n\n\n\n<div class=\"wp-block-image\"><figure class=\"alignleft size-large\"><img loading=\"lazy\" decoding=\"async\" width=\"142\" height=\"142\" src=\"https:\/\/hifly-tires.com\/wp-content\/uploads\/2021\/05\/Roll-5x5-1.png\" alt=\"\" class=\"wp-image-1701\"\/><\/figure><\/div>\n\n\n\n<p><em>5 Klassen von A (am effizientesten) bis E (am wenigsten effizient).<\/em> Der Kraftstoffverbrauch eines Fahrzeugs h\u00e4ngt von Faktoren wie dem Motortyp, der Geschwindigkeit, dem Stra\u00dfenbelag, den Wetterbedingungen usw. ab. Der Rollwiderstand der Reifen ist f\u00fcr etwa 20% des Kraftstoffverbrauchs verantwortlich. Weniger Kraftstoffverbrauch bedeutet geringere Kraftstoffkosten und weniger CO2-Emissionen.<\/p>\n\n\n\n<p><\/p>\n\n\n\n<h3 class=\"wp-block-heading\"><strong>NASSHAFTUNG<\/strong><\/h3>\n\n\n\n<div class=\"wp-block-image\"><figure class=\"alignleft size-large\"><img loading=\"lazy\" decoding=\"async\" width=\"142\" height=\"142\" src=\"https:\/\/hifly-tires.com\/wp-content\/uploads\/2021\/05\/Break-5x5-1.png\" alt=\"\" class=\"wp-image-1665\"\/><\/figure><\/div>\n\n\n\n<p><em>5 Klassen von A (k\u00fcrzester Bremsweg) bis E (l\u00e4ngster Bremsweg).<\/em> Die Nasshaftungseigenschaften eines Reifens k\u00f6nnen unter anderem vom Fahrzeugtyp, den Wetterbedingungen und dem Reifenprofil abh\u00e4ngen. Ein guter \u201eGrip\u201c, also die Reifenhaftung ist wichtig f\u00fcr die Sicherheit.<\/p>\n\n\n\n<p><\/p>\n\n\n\n<h3 class=\"wp-block-heading\"><strong><strong>EXTERNES ROLLGER\u00c4USCH<\/strong><\/strong><\/h3>\n\n\n\n<div class=\"wp-block-image\"><figure class=\"alignleft size-large\"><img loading=\"lazy\" decoding=\"async\" width=\"142\" height=\"142\" src=\"https:\/\/hifly-tires.com\/wp-content\/uploads\/2021\/05\/noise-5x5-1.png\" alt=\"\" class=\"wp-image-1689\"\/><\/figure><\/div>\n\n\n\n<p><em>3 Klassen von externen Rollger\u00e4uschen \u2013 mit Messwert in dB.<\/em> Unter externem Rollger\u00e4usch versteht man das durch den Reifen verursachte Betriebsger\u00e4usch im Verkehr. Das Piktogramm zeigt neben dem Ger\u00e4uschpegel in Dezibel (dB) auch die Rollger\u00e4uschklasse A, B oder C an.<\/p>\n\n\n\n<p><em>Hinweis: Es gibt keinen direkten Zusammenhang zwischen externen (au\u00dferhalb des Fahrzeugs) und internen (innerhalb des Fahrzeugs) Reifenger\u00e4uschen.<\/em><\/p>\n\n\n\n<h3 class=\"wp-block-heading\"><strong>SCHNEEGRIFFIGKEIT<\/strong><\/h3>\n\n\n\n<div class=\"wp-block-image\"><figure class=\"alignleft size-large\"><img loading=\"lazy\" decoding=\"async\" width=\"142\" height=\"142\" src=\"https:\/\/hifly-tires.com\/wp-content\/uploads\/2021\/05\/snow-5x5-1.png\" alt=\"\" class=\"wp-image-1713\"\/><\/figure><\/div>\n\n\n\n<p>Bei Reifen, die mit dem Schneeflocken-Piktogramm gekennzeichnet sind, wird davon ausgegangen, dass sie die in der UNECE-Regelung Nr. 117 festgelegten Mindestkennwerte f\u00fcr Schneegriffigkeit erf\u00fcllen und f\u00fcr den Einsatz bei extremen Schneeverh\u00e4ltnissen geeignet sind. Das Schneeflockensymbol ist auf Winterreifen und vielen Ganzjahresreifen zu finden.<\/p>\n\n\n\n<p><\/p>\n\n\n\n<h3 class=\"wp-block-heading\"><strong><strong>EISGRIFFIGKEIT<\/strong><\/strong><\/h3>\n\n\n\n<div class=\"wp-block-image\"><figure class=\"alignleft size-large\"><img loading=\"lazy\" decoding=\"async\" width=\"142\" height=\"142\" src=\"https:\/\/hifly-tires.com\/wp-content\/uploads\/2021\/05\/ice-5x5-1.png\" alt=\"\" class=\"wp-image-1677\"\/><\/figure><\/div>\n\n\n\n<p>Reifen mit dem Eis-Symbol erf\u00fcllen die entsprechenden Mindestkennwerte f\u00fcr Eisgriffigkeit und sind f\u00fcr den Einsatz unter stark verschneiten und vereisten Bedingungen geeignet.<\/p>\n\n\n\n<p>Das Eis-Symbol ist derzeit nur auf Kennzeichnungen bzw. Labeln von Pkw-Reifen zu finden.<\/p>\n\n\n\n<p><\/p>\n\n\n\n<p class=\"has-text-align-left\"><strong>Reifen mit dem<\/strong>\u00a0Piktogramm f\u00fcr\u00a0<strong>Eisgriffigkeit\u00a0<\/strong>sind speziell f\u00fcr eine mit Eis und kompaktem Schnee bedeckte Fahrbahnoberfl\u00e4che ausgelegt. Diese Reifen sollten nur unter sehr strengen Klimabedingungen (z. B. sehr niedrigen Temperaturen) verwendet werden. Die Verwendung von Reifen mit Eisgriffigkeit unter weniger strengen Klimabedingungen (z. B. bei N\u00e4sse oder w\u00e4rmeren Temperaturen) k\u00f6nnte zu einer suboptimalen Leistung f\u00fchren, insbesondere in Bezug auf Nasshaftung, Handling und Verschlei\u00df.<\/p>\n\n\n\n<p>Die EU hat eine Europ\u00e4ische Produktdatenbank f\u00fcr die Energiekennzeichnung (EPREL). Die Reifendaten (Kennzeichnung) in der Datenbank k\u00f6nnen ab dem 1. Mai 2021 abgefragt werden. Die neue Reifenkennzeichnung enth\u00e4lt auch einen QR-Code, wodurch die Daten aus dem Produktdatenblatt, wie in Anhang III der&nbsp;<a href=\"https:\/\/eur-lex.europa.eu\/legal-content\/EN\/ALL\/?uri=CELEX%3A32020R0740\">Verordnung (EU) 2020\/740<\/a>&nbsp;genannt, f\u00fcr jedermann zug\u00e4nglich werden.<\/p>\n\n\n\n<p>Unter Bezugnahme auf die oben genannte&nbsp;<a href=\"https:\/\/eur-lex.europa.eu\/legal-content\/EN\/ALL\/?uri=CELEX%3A32020R0740\">Europ\u00e4ische Verordnung (EU) 2020\/740<\/a>&nbsp;m\u00f6chten wir betonen, dass das Verhalten des Fahrers der entscheidende Faktor f\u00fcr Kraftstoffverbrauch und Verkehrssicherheit ist, und insbesondere:<\/p>\n\n\n\n<ul class=\"wp-block-list\"><li>Dass eine umweltbewusste Fahrweise bzw. Eco-Driving den Kraftstoffverbrauch deutlich reduzieren kann<\/li><li>Dass der Reifendruck regelm\u00e4\u00dfig \u00fcberpr\u00fcft werden muss, um die Kraftstoffeffizienz und die Nasshaftung zu optimieren<\/li><li>Dass der Sicherheitsabstand zum vorausfahrenden Verkehr stets einzuhalten ist<\/li><\/ul>\n\n\n\n<p><strong><strong>Diese Verordnung gilt nicht f\u00fcr:<\/strong><\/strong><\/p>\n\n\n\n<ul class=\"wp-block-list\"><li>Reifen f\u00fcr den harten Gel\u00e4ndeeinsatz<\/li><li>Reifen, die ausschlie\u00dflich f\u00fcr die Montage an Fahrzeugen ausgelegt sind, deren Erstzulassung vor dem 1. Oktober 1990 erfolgte<\/li><li>T-Notradreifen<\/li><li>Reifen mit einer zul\u00e4ssigen Geschwindigkeit von weniger als 80 km\/h<\/li><li>Reifen f\u00fcr Felgen mit einem Nenndurchmesser \u2264 254 mm oder \u2265 635 mm<\/li><li>Reifen mit Zusatzvorrichtungen zur Verbesserung der Traktion, z. B. Spikereifen<\/li><li>Reifen, die ausschlie\u00dflich f\u00fcr die Montage an Fahrzeugen ausgelegt sind, die ausschlie\u00dflich f\u00fcr Rennen bestimmt sind<\/li><li>gebrauchte Reifen, sofern solche Reifen nicht aus einem Drittland importiert werden<\/li><\/ul>\n\n\n\n<p>Quelle:&nbsp;<a href=\"http:\/\/verordnung%20%28eu%29%20nr.%202020\/740%20der%20Europ%C3%A4ischen%20Parlaments%20und%20des%20Rates\">Verordnung (EU) Nr. 2020\/740 der Europ\u00e4ischen Parlaments und des Rates<\/a><\/p>\n","protected":false},"excerpt":{"rendered":"<p>Seit dem 01. Mai 2021 hat sich die europ\u00e4ische Reifenkennzeichnung auf Basis einer aktualisierten und strikteren EU-Regelung (Verordnung (EU) 2020\/740) [&hellip;]<\/p>\n","protected":false},"author":5,"featured_media":0,"parent":0,"menu_order":0,"comment_status":"closed","ping_status":"closed","template":"","meta":{"_acf_changed":false,"footnotes":""},"class_list":["post-1027","page","type-page","status-publish","hentry"],"acf":[],"yoast_head":"<!-- This site is optimized with the Yoast SEO plugin v27.2 - https:\/\/yoast.com\/product\/yoast-seo-wordpress\/ -->\n<title>Die Reifenkennzeichnung - Hifly<\/title>\n<meta name=\"robots\" content=\"index, follow, max-snippet:-1, max-image-preview:large, max-video-preview:-1\" \/>\n<link rel=\"canonical\" href=\"https:\/\/hifly-tires.com\/de\/die-reifenkennzeichnung\/\" \/>\n<meta property=\"og:locale\" content=\"de_DE\" \/>\n<meta property=\"og:type\" content=\"article\" \/>\n<meta property=\"og:title\" content=\"Die Reifenkennzeichnung - Hifly\" \/>\n<meta property=\"og:description\" content=\"Seit dem 01. Mai 2021 hat sich die europ\u00e4ische Reifenkennzeichnung auf Basis einer aktualisierten und strikteren EU-Regelung (Verordnung (EU) 2020\/740) [&hellip;]\" \/>\n<meta property=\"og:url\" content=\"https:\/\/hifly-tires.com\/de\/die-reifenkennzeichnung\/\" \/>\n<meta property=\"og:site_name\" content=\"Hifly\" \/>\n<meta property=\"article:modified_time\" content=\"2021-06-03T11:51:58+00:00\" \/>\n<meta property=\"og:image\" content=\"https:\/\/hifly-tires.com\/wp-content\/uploads\/2021\/05\/New-Tire-Label.jpg\" \/>\n<meta name=\"twitter:card\" content=\"summary_large_image\" \/>\n<meta name=\"twitter:label1\" content=\"Gesch\u00e4tzte Lesezeit\" \/>\n\t<meta name=\"twitter:data1\" content=\"5\u00a0Minuten\" \/>\n<script type=\"application\/ld+json\" class=\"yoast-schema-graph\">{\"@context\":\"https:\/\/schema.org\",\"@graph\":[{\"@type\":\"WebPage\",\"@id\":\"https:\/\/hifly-tires.com\/de\/die-reifenkennzeichnung\/\",\"url\":\"https:\/\/hifly-tires.com\/de\/die-reifenkennzeichnung\/\",\"name\":\"Die Reifenkennzeichnung - Hifly\",\"isPartOf\":{\"@id\":\"https:\/\/hifly-tires.com\/it\/#website\"},\"primaryImageOfPage\":{\"@id\":\"https:\/\/hifly-tires.com\/de\/die-reifenkennzeichnung\/#primaryimage\"},\"image\":{\"@id\":\"https:\/\/hifly-tires.com\/de\/die-reifenkennzeichnung\/#primaryimage\"},\"thumbnailUrl\":\"https:\/\/hifly-tires.com\/wp-content\/uploads\/2021\/05\/New-Tire-Label.jpg\",\"datePublished\":\"2021-01-04T13:07:44+00:00\",\"dateModified\":\"2021-06-03T11:51:58+00:00\",\"breadcrumb\":{\"@id\":\"https:\/\/hifly-tires.com\/de\/die-reifenkennzeichnung\/#breadcrumb\"},\"inLanguage\":\"de\",\"potentialAction\":[{\"@type\":\"ReadAction\",\"target\":[\"https:\/\/hifly-tires.com\/de\/die-reifenkennzeichnung\/\"]}]},{\"@type\":\"ImageObject\",\"inLanguage\":\"de\",\"@id\":\"https:\/\/hifly-tires.com\/de\/die-reifenkennzeichnung\/#primaryimage\",\"url\":\"https:\/\/hifly-tires.com\/wp-content\/uploads\/2021\/05\/New-Tire-Label.jpg\",\"contentUrl\":\"https:\/\/hifly-tires.com\/wp-content\/uploads\/2021\/05\/New-Tire-Label.jpg\"},{\"@type\":\"BreadcrumbList\",\"@id\":\"https:\/\/hifly-tires.com\/de\/die-reifenkennzeichnung\/#breadcrumb\",\"itemListElement\":[{\"@type\":\"ListItem\",\"position\":1,\"name\":\"Home\",\"item\":\"https:\/\/hifly-tires.com\/de\/\"},{\"@type\":\"ListItem\",\"position\":2,\"name\":\"Die Reifenkennzeichnung\"}]},{\"@type\":\"WebSite\",\"@id\":\"https:\/\/hifly-tires.com\/it\/#website\",\"url\":\"https:\/\/hifly-tires.com\/it\/\",\"name\":\"Hifly\",\"description\":\"A tyre you can trust\",\"potentialAction\":[{\"@type\":\"SearchAction\",\"target\":{\"@type\":\"EntryPoint\",\"urlTemplate\":\"https:\/\/hifly-tires.com\/it\/?s={search_term_string}\"},\"query-input\":{\"@type\":\"PropertyValueSpecification\",\"valueRequired\":true,\"valueName\":\"search_term_string\"}}],\"inLanguage\":\"de\"}]}<\/script>\n<!-- \/ Yoast SEO plugin. -->","yoast_head_json":{"title":"Die Reifenkennzeichnung - Hifly","robots":{"index":"index","follow":"follow","max-snippet":"max-snippet:-1","max-image-preview":"max-image-preview:large","max-video-preview":"max-video-preview:-1"},"canonical":"https:\/\/hifly-tires.com\/de\/die-reifenkennzeichnung\/","og_locale":"de_DE","og_type":"article","og_title":"Die Reifenkennzeichnung - Hifly","og_description":"Seit dem 01. Mai 2021 hat sich die europ\u00e4ische Reifenkennzeichnung auf Basis einer aktualisierten und strikteren EU-Regelung (Verordnung (EU) 2020\/740) [&hellip;]","og_url":"https:\/\/hifly-tires.com\/de\/die-reifenkennzeichnung\/","og_site_name":"Hifly","article_modified_time":"2021-06-03T11:51:58+00:00","og_image":[{"url":"https:\/\/hifly-tires.com\/wp-content\/uploads\/2021\/05\/New-Tire-Label.jpg","type":"","width":"","height":""}],"twitter_card":"summary_large_image","twitter_misc":{"Gesch\u00e4tzte Lesezeit":"5\u00a0Minuten"},"schema":{"@context":"https:\/\/schema.org","@graph":[{"@type":"WebPage","@id":"https:\/\/hifly-tires.com\/de\/die-reifenkennzeichnung\/","url":"https:\/\/hifly-tires.com\/de\/die-reifenkennzeichnung\/","name":"Die Reifenkennzeichnung - Hifly","isPartOf":{"@id":"https:\/\/hifly-tires.com\/it\/#website"},"primaryImageOfPage":{"@id":"https:\/\/hifly-tires.com\/de\/die-reifenkennzeichnung\/#primaryimage"},"image":{"@id":"https:\/\/hifly-tires.com\/de\/die-reifenkennzeichnung\/#primaryimage"},"thumbnailUrl":"https:\/\/hifly-tires.com\/wp-content\/uploads\/2021\/05\/New-Tire-Label.jpg","datePublished":"2021-01-04T13:07:44+00:00","dateModified":"2021-06-03T11:51:58+00:00","breadcrumb":{"@id":"https:\/\/hifly-tires.com\/de\/die-reifenkennzeichnung\/#breadcrumb"},"inLanguage":"de","potentialAction":[{"@type":"ReadAction","target":["https:\/\/hifly-tires.com\/de\/die-reifenkennzeichnung\/"]}]},{"@type":"ImageObject","inLanguage":"de","@id":"https:\/\/hifly-tires.com\/de\/die-reifenkennzeichnung\/#primaryimage","url":"https:\/\/hifly-tires.com\/wp-content\/uploads\/2021\/05\/New-Tire-Label.jpg","contentUrl":"https:\/\/hifly-tires.com\/wp-content\/uploads\/2021\/05\/New-Tire-Label.jpg"},{"@type":"BreadcrumbList","@id":"https:\/\/hifly-tires.com\/de\/die-reifenkennzeichnung\/#breadcrumb","itemListElement":[{"@type":"ListItem","position":1,"name":"Home","item":"https:\/\/hifly-tires.com\/de\/"},{"@type":"ListItem","position":2,"name":"Die Reifenkennzeichnung"}]},{"@type":"WebSite","@id":"https:\/\/hifly-tires.com\/it\/#website","url":"https:\/\/hifly-tires.com\/it\/","name":"Hifly","description":"A tyre you can trust","potentialAction":[{"@type":"SearchAction","target":{"@type":"EntryPoint","urlTemplate":"https:\/\/hifly-tires.com\/it\/?s={search_term_string}"},"query-input":{"@type":"PropertyValueSpecification","valueRequired":true,"valueName":"search_term_string"}}],"inLanguage":"de"}]}},"_links":{"self":[{"href":"https:\/\/hifly-tires.com\/de\/wp-json\/wp\/v2\/pages\/1027","targetHints":{"allow":["GET"]}}],"collection":[{"href":"https:\/\/hifly-tires.com\/de\/wp-json\/wp\/v2\/pages"}],"about":[{"href":"https:\/\/hifly-tires.com\/de\/wp-json\/wp\/v2\/types\/page"}],"author":[{"embeddable":true,"href":"https:\/\/hifly-tires.com\/de\/wp-json\/wp\/v2\/users\/5"}],"replies":[{"embeddable":true,"href":"https:\/\/hifly-tires.com\/de\/wp-json\/wp\/v2\/comments?post=1027"}],"version-history":[{"count":5,"href":"https:\/\/hifly-tires.com\/de\/wp-json\/wp\/v2\/pages\/1027\/revisions"}],"predecessor-version":[{"id":1833,"href":"https:\/\/hifly-tires.com\/de\/wp-json\/wp\/v2\/pages\/1027\/revisions\/1833"}],"wp:attachment":[{"href":"https:\/\/hifly-tires.com\/de\/wp-json\/wp\/v2\/media?parent=1027"}],"curies":[{"name":"wp","href":"https:\/\/api.w.org\/{rel}","templated":true}]}}